{"id":8958,"date":"2020-12-14T07:27:37","date_gmt":"2020-12-14T07:27:37","guid":{"rendered":"https:\/\/companyhub.liquid-themes.com\/staging\/?page_id=8958"},"modified":"2026-03-20T15:24:11","modified_gmt":"2026-03-20T12:24:11","slug":"about-us","status":"publish","type":"page","link":"https:\/\/euromosmobility.com\/en\/about-us\/","title":{"rendered":"About Us"},"content":{"rendered":"<div data-elementor-type=\"wp-page\" data-elementor-id=\"8958\" class=\"elementor elementor-8958\" data-elementor-post-type=\"page\">\n\t\t\t\t<div class=\"elementor-element elementor-element-37c52a3 e-flex e-con-boxed e-con e-parent\" data-id=\"37c52a3\" data-element_type=\"container\" data-e-type=\"container\">\n\t\t\t\t\t<div class=\"e-con-inner\">\n\t\t\t\t<div class=\"elementor-element elementor-element-82b3f3d elementor-widget elementor-widget-text-editor\" data-id=\"82b3f3d\" data-element_type=\"widget\" data-e-type=\"widget\" data-widget_type=\"text-editor.default\">\n\t\t\t\t\t\t\t\t\t<p><span style=\"font-weight: 400;\">programs, we are proud to be the trusted solution partner of public institutions and the private sector. We are ready to collaborate to build more efficient, integrated and intelligent transportation systems together.<\/span>From traffic management to mobility centers, from simulation studies to capacity building\u00a0<\/p>\t\t\t\t\t\t\t\t<\/div>\n\t\t\t\t\t<\/div>\n\t\t\t\t<\/div>\n\t\t\t\t<section class=\"elementor-section elementor-top-section elementor-element elementor-element-a3143ce elementor-section-boxed elementor-section-height-default elementor-section-height-default\" data-id=\"a3143ce\" data-element_type=\"section\" data-e-type=\"section\">\n\t\t\t\t\t\t<div class=\"elementor-container elementor-column-gap-default\">\n\t\t\t\t\t<div class=\"elementor-column elementor-col-100 elementor-top-column elementor-element elementor-element-0178d35\" data-id=\"0178d35\" data-element_type=\"column\" data-e-type=\"column\">\n\t\t\t<div class=\"elementor-widget-wrap elementor-element-populated\">\n\t\t\t\t\t\t<div class=\"elementor-element elementor-element-20118cf elementor-widget elementor-widget-ld_tabs\" data-id=\"20118cf\" data-element_type=\"widget\" data-e-type=\"widget\" data-widget_type=\"ld_tabs.default\">\n\t\t\t\t<div class=\"elementor-widget-container\">\n\t\t\t\t\t\t\t<div class=\"lqd-tabs lqd-tabs-style-3 lqd-tabs-nav-iconbox lqd-tabs-nav-items-not-expanded  20118cf lqd-nav-underline-\" data-tabs-options=\"{&quot;trigger&quot;:&quot;click&quot;}\">\n\n\t\t\t<nav class=\"lqd-tabs-nav-wrap mb-5\">\n\t\t\t\t<ul class=\"reset-ul lqd-tabs-nav d-flex align-items-center justify-content-md-center pos-rel\" role=\"tablist\"><li data-controls=\"lqd-tab-3361\" role=\"presentation\" class=\"elementor-repeater-item-136c7e3 active text-center\"><a class=\"d-block\" href=\"#lqd-tab-3361\" data-bs-target=\"#lqd-tab-3361\" aria-expanded=\"false\" aria-controls=\"lqd-tab-3361\" role=\"tab\" data-toggle=\"tab\" data-bs-toggle=\"tab\"><span class=\"lqd-tabs-nav-icon d-block\"><span class=\"lqd-tabs-nav-content d-block\"><span class=\"d-block pos-rel h3 mt-0 mb-0\">Mission<\/span><\/span><\/span><span class=\"lqd-tabs-nav-progress\"><span class=\"lqd-tabs-nav-progress-inner\"><\/span><\/span><\/a><\/li><li data-controls=\"lqd-tab-3362\" role=\"presentation\" class=\"elementor-repeater-item-8835bd5 text-center\"><a class=\"d-block\" href=\"#lqd-tab-3362\" data-bs-target=\"#lqd-tab-3362\" aria-expanded=\"false\" aria-controls=\"lqd-tab-3362\" role=\"tab\" data-toggle=\"tab\" data-bs-toggle=\"tab\"><span class=\"lqd-tabs-nav-icon d-block\"><span class=\"lqd-tabs-nav-content d-block\"><span class=\"d-block pos-rel h3 mt-0 mb-0\">Vision<\/span><\/span><\/span><span class=\"lqd-tabs-nav-progress\"><span class=\"lqd-tabs-nav-progress-inner\"><\/span><\/span><\/a><\/li><\/ul>\t\t\t\t\t\t\t<\/nav>\n\n\t\t\t<div class=\"lqd-tabs-content pos-rel\"><div id=\"lqd-tab-3361\" role=\"tabpanel\" class=\"lqd-tabs-pane fade active in\"><p style=\"text-align: center;\"><span style=\"font-weight: 400;\">Our mission is to empower cities, regions and stakeholders in Turkey and beyond to make informed decisions that promote sustainable and inclusive mobility solutions. As value-driven mobility experts, we specialize in modeling, planning, design and data-driven GIS consulting. Combining innovation and commitment, we strive to create mobility systems that improve well-being, promote societal transformation and contribute to a greener, more sustainable future for all.<\/span><\/p> <\/div><div id=\"lqd-tab-3362\" role=\"tabpanel\" class=\"lqd-tabs-pane fade\"><p style=\"text-align: center;\"><span style=\"font-weight: 400;\">We envision a sustainable mobility system where every individual moves safely and comfortably to achieve a sustainable society while minimizing environmental impact. Using our international network, expertise and experience, as well as our deep local knowledge in Turkey, we support cities and regions to make informed, inclusive and future-proof mobility decisions that improve accessibility, sustainability and social well-being.<\/span><\/p> <\/div><\/div>\n\t\t<\/div>\n\t\t\t\t\t<\/div>\n\t\t\t\t<\/div>\n\t\t\t\t\t<\/div>\n\t\t<\/div>\n\t\t\t\t\t<\/div>\n\t\t<\/section>\n\t\t\t\t<section class=\"elementor-section elementor-top-section elementor-element elementor-element-7d5c433 elementor-section-boxed elementor-section-height-default elementor-section-height-default\" data-id=\"7d5c433\" data-element_type=\"section\" data-e-type=\"section\">\n\t\t\t\t\t\t<div class=\"elementor-container elementor-column-gap-no\">\n\t\t\t\t\t<div class=\"elementor-column elementor-col-100 elementor-top-column elementor-element elementor-element-0b1ba5a\" data-id=\"0b1ba5a\" data-element_type=\"column\" data-e-type=\"column\">\n\t\t\t<div class=\"elementor-widget-wrap elementor-element-populated\">\n\t\t\t\t\t\t<div class=\"elementor-element elementor-element-07555fd elementor-widget elementor-widget-ld_media_element\" data-id=\"07555fd\" data-element_type=\"widget\" data-e-type=\"widget\" data-widget_type=\"ld_media_element.default\">\n\t\t\t\t<div class=\"elementor-widget-container\">\n\t\t\t\t\t\n\t\t<div class=\"ld-media-row d-flex flex-wrap\" data-liquid-masonry=\"true\">\n\n\t\t\t\t\t\t<div class=\"masonry-item elementor-repeater-item-2d4aacb\">\n\n\t\t\t\t<div class=\"ld-media-item pos-rel overflow-hidden\">\n\n\t\t\t\t\t<figure class=\"bg-cover\">\n\t\t\t\t\t\t<img fetchpriority=\"high\" decoding=\"async\" width=\"1076\" height=\"1146\" src=\"https:\/\/euromosmobility.com\/wp-content\/uploads\/Mask@2x-5.jpg\" class=\"w-100 objfit-cover objpos-center\" alt=\"\" srcset=\"https:\/\/euromosmobility.com\/wp-content\/uploads\/Mask@2x-5.jpg 1076w, https:\/\/euromosmobility.com\/wp-content\/uploads\/Mask@2x-5-282x300.jpg 282w, https:\/\/euromosmobility.com\/wp-content\/uploads\/Mask@2x-5-961x1024.jpg 961w, https:\/\/euromosmobility.com\/wp-content\/uploads\/Mask@2x-5-141x150.jpg 141w\" sizes=\"(max-width: 1076px) 100vw, 1076px\" itemprop=\"image\" \/>\t\t\t\t\t<\/figure>\n\n\t\t\t\t\t<div class=\"ld-media-item-overlay d-flex flex-column align-items-center lqd-overlay text-center justify-content-center\">\n\n\t\t\t\t\t\t<div class=\"ld-media-bg lqd-overlay\"><\/div>\n\n\t\t\t\t\t\t<div class=\"ld-media-content pos-rel z-index-2\">\n\t\t\t\t\t\t\t<div class=\"ld-media-txt\">\n\t\t\t\t\t\t\t\t<h3 class=\"m-0\"><\/h3>\n\t\t\t\t\t\t\t\t<h6 class=\"m-0 text-uppercase ltr-sp-135\"><\/h6>\n\t\t\t\t\t\t\t\t\t\t\t\t\t\t\t<\/div>\n\t\t\t\t\t\t<\/div>\n\n\t\t\t\t\t<\/div>\n\n\t\t\t\t\t<a href=\"https:\/\/euromosmobility.com\/wp-content\/uploads\/Mask@2x-5.jpg\" aria-label=\"\" class=\"lqd-overlay z-index-2 fresco\"  data-fresco-group=\"ld-media-element-07555fd\"><\/a>\n\t\t\t\t<\/div>\n\n\t\t\t<\/div>\n\t\t\t\t\t\t<div class=\"masonry-item elementor-repeater-item-4609ed8\">\n\n\t\t\t\t<div class=\"ld-media-item pos-rel overflow-hidden\">\n\n\t\t\t\t\t<figure class=\"bg-cover\">\n\t\t\t\t\t\t<img decoding=\"async\" width=\"1182\" height=\"546\" src=\"data:image\/svg+xml;charset=utf-8,%3Csvg xmlns%3D&#039;http%3A%2F%2Fwww.w3.org%2F2000%2Fsvg&#039; viewBox%3D&#039;0 0  &#039;%2F%3E\" class=\"w-100 objfit-cover objpos-center ld-lazyload\" alt=\"\" itemprop=\"image\" data-src=\"https:\/\/euromosmobility.com\/wp-content\/uploads\/Mask-3@2x.jpg\" data-srcset=\"https:\/\/euromosmobility.com\/wp-content\/uploads\/Mask-3@2x.jpg 1182w, https:\/\/euromosmobility.com\/wp-content\/uploads\/Mask-3@2x-300x139.jpg 300w, https:\/\/euromosmobility.com\/wp-content\/uploads\/Mask-3@2x-1024x473.jpg 1024w, https:\/\/euromosmobility.com\/wp-content\/uploads\/Mask-3@2x-150x69.jpg 150w\" data-sizes=\"(max-width: 1182px) 100vw, 1182px\" data-aspect=\"\" \/>\t\t\t\t\t<\/figure>\n\n\t\t\t\t\t<div class=\"ld-media-item-overlay d-flex flex-column align-items-center lqd-overlay text-center justify-content-end\">\n\n\t\t\t\t\t\t<div class=\"ld-media-bg lqd-overlay\"><\/div>\n\n\t\t\t\t\t\t<div class=\"ld-media-content pos-rel z-index-2\">\n\t\t\t\t\t\t\t<div class=\"ld-media-txt\">\n\t\t\t\t\t\t\t\t<h3 class=\"m-0\"><\/h3>\n\t\t\t\t\t\t\t\t<h6 class=\"m-0 text-uppercase ltr-sp-135\"><\/h6>\n\t\t\t\t\t\t\t\t\t\t\t\t\t\t\t<\/div>\n\t\t\t\t\t\t<\/div>\n\n\t\t\t\t\t<\/div>\n\n\t\t\t\t\t<a href=\"https:\/\/euromosmobility.com\/wp-content\/uploads\/Mask-3@2x.jpg\" aria-label=\"\" class=\"lqd-overlay z-index-2 fresco\"  data-fresco-group=\"ld-media-element-07555fd\"><\/a>\n\t\t\t\t<\/div>\n\n\t\t\t<\/div>\n\t\t\t\t\t\t<div class=\"masonry-item elementor-repeater-item-8523701\">\n\n\t\t\t\t<div class=\"ld-media-item pos-rel overflow-hidden\">\n\n\t\t\t\t\t<figure class=\"bg-cover\">\n\t\t\t\t\t\t<img decoding=\"async\" width=\"556\" height=\"546\" src=\"data:image\/svg+xml;charset=utf-8,%3Csvg xmlns%3D&#039;http%3A%2F%2Fwww.w3.org%2F2000%2Fsvg&#039; viewBox%3D&#039;0 0  &#039;%2F%3E\" class=\"w-100 objfit-cover objpos-center ld-lazyload\" alt=\"\" itemprop=\"image\" data-src=\"https:\/\/euromosmobility.com\/wp-content\/uploads\/Mask-1@2x-1.jpg\" data-srcset=\"https:\/\/euromosmobility.com\/wp-content\/uploads\/Mask-1@2x-1.jpg 556w, https:\/\/euromosmobility.com\/wp-content\/uploads\/Mask-1@2x-1-300x295.jpg 300w, https:\/\/euromosmobility.com\/wp-content\/uploads\/Mask-1@2x-1-150x147.jpg 150w\" data-sizes=\"(max-width: 556px) 100vw, 556px\" data-aspect=\"\" \/>\t\t\t\t\t<\/figure>\n\n\t\t\t\t\t<div class=\"ld-media-item-overlay d-flex flex-column align-items-center lqd-overlay text-center justify-content-end\">\n\n\t\t\t\t\t\t<div class=\"ld-media-bg lqd-overlay\"><\/div>\n\n\t\t\t\t\t\t<div class=\"ld-media-content pos-rel z-index-2\">\n\t\t\t\t\t\t\t<div class=\"ld-media-txt\">\n\t\t\t\t\t\t\t\t<h3 class=\"m-0\"><\/h3>\n\t\t\t\t\t\t\t\t<h6 class=\"m-0 text-uppercase ltr-sp-135\"><\/h6>\n\t\t\t\t\t\t\t\t\t\t\t\t\t\t\t<\/div>\n\t\t\t\t\t\t<\/div>\n\n\t\t\t\t\t<\/div>\n\n\t\t\t\t\t<a href=\"https:\/\/euromosmobility.com\/wp-content\/uploads\/Mask-1@2x-1.jpg\" aria-label=\"\" class=\"lqd-overlay z-index-2 fresco\"  data-fresco-group=\"ld-media-element-07555fd\"><\/a>\n\t\t\t\t<\/div>\n\n\t\t\t<\/div>\n\t\t\t\t\t\t<div class=\"masonry-item elementor-repeater-item-316ed90\">\n\n\t\t\t\t<div class=\"ld-media-item pos-rel overflow-hidden\">\n\n\t\t\t\t\t<figure class=\"bg-cover\">\n\t\t\t\t\t\t<img loading=\"lazy\" decoding=\"async\" width=\"580\" height=\"546\" src=\"data:image\/svg+xml;charset=utf-8,%3Csvg xmlns%3D&#039;http%3A%2F%2Fwww.w3.org%2F2000%2Fsvg&#039; viewBox%3D&#039;0 0  &#039;%2F%3E\" class=\"w-100 objfit-cover objpos-center ld-lazyload\" alt=\"\" itemprop=\"image\" data-src=\"https:\/\/euromosmobility.com\/wp-content\/uploads\/Mask-2@2x.jpg\" data-srcset=\"https:\/\/euromosmobility.com\/wp-content\/uploads\/Mask-2@2x.jpg 580w, https:\/\/euromosmobility.com\/wp-content\/uploads\/Mask-2@2x-300x282.jpg 300w, https:\/\/euromosmobility.com\/wp-content\/uploads\/Mask-2@2x-150x141.jpg 150w\" data-sizes=\"(max-width: 580px) 100vw, 580px\" data-aspect=\"\" \/>\t\t\t\t\t<\/figure>\n\n\t\t\t\t\t<div class=\"ld-media-item-overlay d-flex flex-column align-items-center lqd-overlay text-center justify-content-end\">\n\n\t\t\t\t\t\t<div class=\"ld-media-bg lqd-overlay\"><\/div>\n\n\t\t\t\t\t\t<div class=\"ld-media-content pos-rel z-index-2\">\n\t\t\t\t\t\t\t<div class=\"ld-media-txt\">\n\t\t\t\t\t\t\t\t<h3 class=\"m-0\"><\/h3>\n\t\t\t\t\t\t\t\t<h6 class=\"m-0 text-uppercase ltr-sp-135\"><\/h6>\n\t\t\t\t\t\t\t\t\t\t\t\t\t\t\t<\/div>\n\t\t\t\t\t\t<\/div>\n\n\t\t\t\t\t<\/div>\n\n\t\t\t\t\t<a href=\"https:\/\/euromosmobility.com\/wp-content\/uploads\/Mask-2@2x.jpg\" aria-label=\"\" class=\"lqd-overlay z-index-2 fresco\"  data-fresco-group=\"ld-media-element-07555fd\"><\/a>\n\t\t\t\t<\/div>\n\n\t\t\t<\/div>\n\t\t\t\n\t\t<\/div>\n\n\t\t\t\t\t\t<\/div>\n\t\t\t\t<\/div>\n\t\t\t\t\t<\/div>\n\t\t<\/div>\n\t\t\t\t\t<\/div>\n\t\t<\/section>\n\t\t\t\t<\/div>","protected":false},"excerpt":{"rendered":"<p>programlar\u0131na kadar geni\u015f bir yelpazede sundu\u011fumuz\u00a0 b\u00fct\u00fcnc\u00fcl hizmetlerle, kamu kurumlar\u0131 ve \u00f6zel\u00a0 sekt\u00f6r\u00fcn g\u00fcvenilir \u00e7\u00f6z\u00fcm orta\u011f\u0131 olmaktan gurur\u00a0 duyuyoruz. Birlikte daha verimli, entegre ve ak\u0131ll\u0131\u00a0 ula\u015f\u0131m sistemleri in\u015fa etmek i\u00e7in i\u015f birli\u011fine haz\u0131r\u0131z.Trafik y\u00f6netiminden hareketlilik merkezlerine,\u00a0 sim\u00fclasyon \u00e7al\u0131\u015fmalar\u0131ndan kapasite geli\u015ftirme\u00a0 Misyon Vizyon Misyonumuz, T\u00fcrkiye ve \u00f6tesindeki \u015fehirleri, b\u00f6lgeleri\u00a0 ve payda\u015flar\u0131, s\u00fcrd\u00fcr\u00fclebilir ve kapsay\u0131c\u0131 mobilite\u00a0 \u00e7\u00f6z\u00fcmlerini [&hellip;]<\/p>","protected":false},"author":1,"featured_media":0,"parent":0,"menu_order":0,"comment_status":"closed","ping_status":"closed","template":"","meta":{"footnotes":""},"class_list":["post-8958","page","type-page","status-publish","hentry"],"_links":{"self":[{"href":"https:\/\/euromosmobility.com\/en\/wp-json\/wp\/v2\/pages\/8958","targetHints":{"allow":["GET"]}}],"collection":[{"href":"https:\/\/euromosmobility.com\/en\/wp-json\/wp\/v2\/pages"}],"about":[{"href":"https:\/\/euromosmobility.com\/en\/wp-json\/wp\/v2\/types\/page"}],"author":[{"embeddable":true,"href":"https:\/\/euromosmobility.com\/en\/wp-json\/wp\/v2\/users\/1"}],"replies":[{"embeddable":true,"href":"https:\/\/euromosmobility.com\/en\/wp-json\/wp\/v2\/comments?post=8958"}],"version-history":[{"count":23,"href":"https:\/\/euromosmobility.com\/en\/wp-json\/wp\/v2\/pages\/8958\/revisions"}],"predecessor-version":[{"id":10849,"href":"https:\/\/euromosmobility.com\/en\/wp-json\/wp\/v2\/pages\/8958\/revisions\/10849"}],"wp:attachment":[{"href":"https:\/\/euromosmobility.com\/en\/wp-json\/wp\/v2\/media?parent=8958"}],"curies":[{"name":"wp","href":"https:\/\/api.w.org\/{rel}","templated":true}]}}