{"id":10931,"date":"2026-03-20T18:56:38","date_gmt":"2026-03-20T15:56:38","guid":{"rendered":"https:\/\/euromosmobility.com\/?page_id=10931"},"modified":"2026-03-20T18:58:03","modified_gmt":"2026-03-20T15:58:03","slug":"denizli-ulastirma-ana-plani-guncellemesi","status":"publish","type":"page","link":"https:\/\/euromosmobility.com\/en\/projects\/denizli-ulastirma-ana-plani-guncellemesi\/","title":{"rendered":"Denizli Transportation Master Plan Update"},"content":{"rendered":"<div data-elementor-type=\"wp-page\" data-elementor-id=\"10931\" class=\"elementor elementor-10931\" data-elementor-post-type=\"page\">\n\t\t\t\t\t\t<section class=\"elementor-section elementor-top-section elementor-element elementor-element-7f56ebbb elementor-reverse-tablet elementor-reverse-mobile elementor-section-boxed elementor-section-height-default elementor-section-height-default\" data-id=\"7f56ebbb\" data-element_type=\"section\" data-e-type=\"section\">\n\t\t\t\t\t\t<div class=\"elementor-container elementor-column-gap-default\">\n\t\t\t\t\t<div class=\"elementor-column elementor-col-50 elementor-top-column elementor-element elementor-element-4957c89c\" data-id=\"4957c89c\" data-element_type=\"column\" data-e-type=\"column\">\n\t\t\t<div class=\"elementor-widget-wrap elementor-element-populated\">\n\t\t\t\t\t\t<div class=\"elementor-element elementor-element-5a9be6d0 elementor-widget elementor-widget-ld_content_box\" data-id=\"5a9be6d0\" data-element_type=\"widget\" data-e-type=\"widget\" data-widget_type=\"ld_content_box.default\">\n\t\t\t\t<div class=\"elementor-widget-container\">\n\t\t\t\t\t\n\t\t<div class=\"lqd-fb pos-rel lqd-fb-style-6 border-radius-4 h-pt-60\" data-lqd-zindex=\"true\">\n\t\t\n\t\t\t<div class=\"lqd-fb-shadow\"><\/div>\n\n\t\t\t<div class=\"flex-wrap d-flex align-items-center lqd-overlay\" data-hover3d=\"true\">\n\n\t\t\t\t<div class=\"lqd-fb-content-wrap lqd-overlay flex-column align-items-end transform-style-3d backface-hidden will-change-transform\" data-stacking-factor=\"0.5\">\n\n\t\t\t\t\t<div class=\"overflow-hidden lqd-fb-img lqd-overlay border-radius-4 backface-hidden\">\n\t\t\t\t\t\t<figure class=\"w-100 h-100\">\n\t\t\t\t\t\t\t<img decoding=\"async\" class=\"w-100 h-100 objfit-cover objfit-center\" src=\"https:\/\/euromosmobility.com\/wp-content\/uploads\/r151217114921833.jpg\">\t\t\t\t\t\t<\/figure>\n\t\t\t\t\t\t<div class=\"lqd-fb-bg lqd-overlay\"><\/div>\n\t\t\t\t\t\t<div class=\"lqd-fb-hover-overlay lqd-overlay\"><\/div>\n\t\t\t\t\t<\/div>\n\n\t\t\t\t\t<div class=\"p-4 lqd-fb-content d-flex flex-column justify-content-end lqd-overlay backface-hidden\">\n\n\t\t\t\t\t\t<span class=\"mb-5 lqd-fb-icon d-flex\">\n\t\t\t\t\t\t\t<i aria-hidden=\"true\" class=\"lqd-icn-ess icon-lqd-laptop\"><\/i>\t\t\t\t\t\t<\/span>\n\n\t\t\t\t\t\t\t\t\t\t\t\t<h6 class=\"mt-0 mb-3 font-weight-bold\">Proje<\/h6>\n\t\t\t\t\t\t<h2 class=\"lqd-fb__title mt-0 mb-3 font-weight-bold\">Denizli Transportation Master Plan Update <\/h2>\n\t\t\t\t\t<\/div>\n\n\t\t\t\t<\/div>\n\n\t\t\t\t\n\t\t\t<\/div>\n\n\t\t\t\t\t<\/div>\n\t\t\t\t\t\t<\/div>\n\t\t\t\t<\/div>\n\t\t\t\t<div class=\"elementor-element elementor-element-b299e23 elementor-widget elementor-widget-text-editor\" data-id=\"b299e23\" data-element_type=\"widget\" data-e-type=\"widget\" data-widget_type=\"text-editor.default\">\n\t\t\t\t\t\t\t\t\t<p><span style=\"font-weight: 400;\">Denizli Ula\u015ft\u0131rma Ana Plan\u0131 G\u00fcncelleme \u00c7al\u0131\u015fmas\u0131, 2040 vizyonunda kentin artan hareketlilik talebini eri\u015filebilirlik,\u00a0 g\u00fcvenlik, verimlilik ve d\u00fc\u015f\u00fck emisyon eksenlerinde yeniden yap\u0131land\u0131rmak \u00fczere kurgulanm\u0131\u015ft\u0131r. \u00c7al\u0131\u015fma, yeni bir\u00a0 hanehalk\u0131 anketi yerine Denizli B\u00fcy\u00fck\u015fehir Belediyesinin g\u00fc\u00e7l\u00fc veri taban\u0131n\u0131 esas alm\u0131\u015f; kentin g\u00fcncel n\u00fcfus, arazi\u00a0 kullan\u0131m\u0131, ula\u015f\u0131m arz\u0131 ve i\u015fletme performans\u0131 de\u011fi\u015fimleriyle model girdileri g\u00fcncellenmi\u015ftir. B\u00f6ylelikle plan,\u00a0 yaln\u0131zca \u201ctrafik ak\u0131\u015f\u0131\u201d odakl\u0131 bir yakla\u015f\u0131m yerine, \u00e7ok modlu sistem b\u00fct\u00fcnl\u00fc\u011f\u00fc ve talep y\u00f6netimi ara\u00e7lar\u0131yla\u00a0 desteklenen bir yat\u0131r\u0131m\u2013i\u015fletme\u2013y\u00f6neti\u015fim \u00e7er\u00e7evesi ortaya koymaktad\u0131r.\u00a0<\/span><\/p><p><span style=\"font-weight: 400;\">Plan\u0131n uygulama seti, senaryo temelli de\u011ferlendirme ile olgunla\u015ft\u0131r\u0131lm\u0131\u015f; \u201cS\u00fcrd\u00fcr\u00fclebilirlik Odakl\u0131\u201d yakla\u015f\u0131m\u0131n\u00a0 payda\u015flar nezdinde g\u00fc\u00e7l\u00fc destek ald\u0131\u011f\u0131 bir \u00e7er\u00e7evede BRT\/otob\u00fcs \u00f6ncelikli koridorlar ve aktarma kalitesi, yaya\u00a0 dostu mahalleler ve 30 km\/s h\u0131z b\u00f6lgeleri, g\u00fcvenli bisiklet omurgas\u0131, dinamik otopark y\u00f6netimi ve Ak\u0131ll\u0131 Ula\u015f\u0131m\u00a0 Sistemleri (AUS) ile MaaS entegrasyonu gibi proje paketleri tan\u0131mlanm\u0131\u015ft\u0131r. Bu paketler, toplu ta\u015f\u0131maya ge\u00e7i\u015fi\u00a0 h\u0131zland\u0131rmay\u0131, yol alan\u0131n\u0131n s\u00fcrd\u00fcr\u00fclebilir t\u00fcrlere tahsisini art\u0131rmay\u0131 ve veriyle y\u00f6netilen i\u015fletim yakla\u015f\u0131m\u0131n\u0131\u00a0 kurumsalla\u015ft\u0131rmay\u0131 hedeflemektedir. <\/span><\/p>\t\t\t\t\t\t\t\t<\/div>\n\t\t\t\t<div class=\"elementor-element elementor-element-5dbfee9f elementor-widget-divider--view-line elementor-widget elementor-widget-divider\" data-id=\"5dbfee9f\" data-element_type=\"widget\" data-e-type=\"widget\" data-widget_type=\"divider.default\">\n\t\t\t\t\t\t\t<div class=\"elementor-divider\">\n\t\t\t<span class=\"elementor-divider-separator\">\n\t\t\t\t\t\t<\/span>\n\t\t<\/div>\n\t\t\t\t\t\t<\/div>\n\t\t\t\t\t<\/div>\n\t\t<\/div>\n\t\t\t\t<div class=\"lqd-css-sticky-column elementor-column elementor-col-50 elementor-top-column elementor-element elementor-element-4abe2dfc\" style=\"--lqd-sticky-offset:10px\" data-id=\"4abe2dfc\" data-element_type=\"column\" data-e-type=\"column\">\n\t\t\t<div class=\"elementor-widget-wrap elementor-element-populated\">\n\t\t\t\t\t\t<section class=\"elementor-section elementor-inner-section elementor-element elementor-element-74afbbe7 elementor-section-boxed elementor-section-height-default elementor-section-height-default\" data-id=\"74afbbe7\" data-element_type=\"section\" data-e-type=\"section\">\n\t\t\t\t\t\t<div class=\"elementor-container elementor-column-gap-default\">\n\t\t\t\t\t<div class=\"elementor-column elementor-col-100 elementor-inner-column elementor-element elementor-element-6270cb91\" data-id=\"6270cb91\" data-element_type=\"column\" data-e-type=\"column\" data-settings=\"{&quot;background_background&quot;:&quot;classic&quot;}\">\n\t\t\t<div class=\"elementor-widget-wrap elementor-element-populated\">\n\t\t\t\t\t\t<div class=\"elementor-element elementor-element-537611ae elementor-widget elementor-widget-hub_fancy_heading\" data-id=\"537611ae\" data-element_type=\"widget\" data-e-type=\"widget\" data-widget_type=\"hub_fancy_heading.default\">\n\t\t\t\t<div class=\"elementor-widget-container\">\n\t\t\t\t\t\n\t\t<div id=\"ld-fancy-heading-69d2b18fd4e06\" class=\"ld-fancy-heading pos-rel\">\n\t\t\t<h3 class=\"ld-fh-element d-inline-block pos-rel  elementor-heading-title lqd-highlight-classic lqd-highlight-grow-left h3\"  > Contact us<\/h3>\t\t<\/div>\n\n\t\t\t\t\t\t<\/div>\n\t\t\t\t<\/div>\n\t\t\t\t\t<\/div>\n\t\t<\/div>\n\t\t\t\t\t<\/div>\n\t\t<\/section>\n\t\t\t\t<div class=\"elementor-element elementor-element-66f7a59d elementor-button-align-stretch elementor-widget elementor-widget-form\" data-id=\"66f7a59d\" data-element_type=\"widget\" data-e-type=\"widget\" data-settings=\"{&quot;step_next_label&quot;:&quot;Next&quot;,&quot;step_previous_label&quot;:&quot;Previous&quot;,&quot;button_width&quot;:&quot;100&quot;,&quot;step_type&quot;:&quot;number_text&quot;,&quot;step_icon_shape&quot;:&quot;circle&quot;}\" data-widget_type=\"form.default\">\n\t\t\t\t\t\t\t<form class=\"elementor-form\" method=\"post\" name=\"New Form\" aria-label=\"New Form\" action=\"\">\n\t\t\t<input type=\"hidden\" name=\"post_id\" value=\"10931\"\/>\n\t\t\t<input type=\"hidden\" name=\"form_id\" value=\"66f7a59d\"\/>\n\t\t\t<input type=\"hidden\" name=\"referer_title\" value=\"Denizli Ula\u015ft\u0131rma Ana Plan\u0131 G\u00fcncellemesi - EuroMos\" \/>\n\n\t\t\t\t\t\t\t<input type=\"hidden\" name=\"queried_id\" value=\"10931\"\/>\n\t\t\t\n\t\t\t<div class=\"elementor-form-fields-wrapper elementor-labels-above\">\n\t\t\t\t\t\t\t\t<div class=\"elementor-field-type-text elementor-field-group elementor-column elementor-field-group-name elementor-col-100\">\n\t\t\t\t\t\t\t\t\t\t\t\t<label for=\"form-field-name\" class=\"elementor-field-label\">\n\t\t\t\t\t\t\t\tName Surname\t\t\t\t\t\t\t<\/label>\n\t\t\t\t\t\t\t\t\t\t\t\t\t\t<input size=\"1\" type=\"text\" name=\"form_fields[name]\" id=\"form-field-name\" class=\"elementor-field elementor-size-sm  elementor-field-textual\" placeholder=\"your name and surname\">\n\t\t\t\t\t\t\t\t\t\t\t<\/div>\n\t\t\t\t\t\t\t\t<div class=\"elementor-field-type-email elementor-field-group elementor-column elementor-field-group-email elementor-col-100 elementor-field-required\">\n\t\t\t\t\t\t\t\t\t\t\t\t<label for=\"form-field-email\" class=\"elementor-field-label\">\n\t\t\t\t\t\t\t\tEmail\t\t\t\t\t\t\t<\/label>\n\t\t\t\t\t\t\t\t\t\t\t\t\t\t<input size=\"1\" type=\"email\" name=\"form_fields[email]\" id=\"form-field-email\" class=\"elementor-field elementor-size-sm  elementor-field-textual\" placeholder=\"Email\" required=\"required\">\n\t\t\t\t\t\t\t\t\t\t\t<\/div>\n\t\t\t\t\t\t\t\t<div class=\"elementor-field-type-textarea elementor-field-group elementor-column elementor-field-group-message elementor-col-100\">\n\t\t\t\t\t\t\t\t\t\t\t\t<label for=\"form-field-message\" class=\"elementor-field-label\">\n\t\t\t\t\t\t\t\tYour message\t\t\t\t\t\t\t<\/label>\n\t\t\t\t\t\t<textarea class=\"elementor-field-textual elementor-field  elementor-size-sm\" name=\"form_fields[message]\" id=\"form-field-message\" rows=\"4\" placeholder=\"write your message briefly\"><\/textarea>\t\t\t\t<\/div>\n\t\t\t\t\t\t\t\t<div class=\"elementor-field-group elementor-column elementor-field-type-submit elementor-col-100 e-form__buttons\">\n\t\t\t\t\t<button class=\"elementor-button elementor-size-sm\" type=\"submit\">\n\t\t\t\t\t\t<span class=\"elementor-button-content-wrapper\">\n\t\t\t\t\t\t\t\t\t\t\t\t\t\t\t\t\t\t\t\t\t\t<span class=\"elementor-button-text\">Send<\/span>\n\t\t\t\t\t\t\t\t\t\t\t\t\t<\/span>\n\t\t\t\t\t<\/button>\n\t\t\t\t<\/div>\n\t\t\t<\/div>\n\t\t<input type=\"hidden\" name=\"trp-form-language\" value=\"en\"\/><\/form>\n\t\t\t\t\t\t<\/div>\n\t\t\t\t\t<\/div>\n\t\t<\/div>\n\t\t\t\t\t<\/div>\n\t\t<\/section>\n\t\t\t\t<\/div>","protected":false},"excerpt":{"rendered":"<p>Proje Denizli Ula\u015ft\u0131rma Ana Plan\u0131 G\u00fcncellemesi Denizli Ula\u015ft\u0131rma Ana Plan\u0131 G\u00fcncelleme \u00c7al\u0131\u015fmas\u0131, 2040 vizyonunda kentin artan hareketlilik talebini eri\u015filebilirlik,\u00a0 g\u00fcvenlik, verimlilik ve d\u00fc\u015f\u00fck emisyon eksenlerinde yeniden yap\u0131land\u0131rmak \u00fczere kurgulanm\u0131\u015ft\u0131r. \u00c7al\u0131\u015fma, yeni bir\u00a0 hanehalk\u0131 anketi yerine Denizli B\u00fcy\u00fck\u015fehir Belediyesinin g\u00fc\u00e7l\u00fc veri taban\u0131n\u0131 esas alm\u0131\u015f; kentin g\u00fcncel n\u00fcfus, arazi\u00a0 kullan\u0131m\u0131, ula\u015f\u0131m arz\u0131 ve i\u015fletme performans\u0131 de\u011fi\u015fimleriyle model [&hellip;]<\/p>","protected":false},"author":1,"featured_media":0,"parent":10513,"menu_order":0,"comment_status":"closed","ping_status":"closed","template":"","meta":{"footnotes":""},"class_list":["post-10931","page","type-page","status-publish","hentry"],"_links":{"self":[{"href":"https:\/\/euromosmobility.com\/en\/wp-json\/wp\/v2\/pages\/10931","targetHints":{"allow":["GET"]}}],"collection":[{"href":"https:\/\/euromosmobility.com\/en\/wp-json\/wp\/v2\/pages"}],"about":[{"href":"https:\/\/euromosmobility.com\/en\/wp-json\/wp\/v2\/types\/page"}],"author":[{"embeddable":true,"href":"https:\/\/euromosmobility.com\/en\/wp-json\/wp\/v2\/users\/1"}],"replies":[{"embeddable":true,"href":"https:\/\/euromosmobility.com\/en\/wp-json\/wp\/v2\/comments?post=10931"}],"version-history":[{"count":4,"href":"https:\/\/euromosmobility.com\/en\/wp-json\/wp\/v2\/pages\/10931\/revisions"}],"predecessor-version":[{"id":10936,"href":"https:\/\/euromosmobility.com\/en\/wp-json\/wp\/v2\/pages\/10931\/revisions\/10936"}],"up":[{"embeddable":true,"href":"https:\/\/euromosmobility.com\/en\/wp-json\/wp\/v2\/pages\/10513"}],"wp:attachment":[{"href":"https:\/\/euromosmobility.com\/en\/wp-json\/wp\/v2\/media?parent=10931"}],"curies":[{"name":"wp","href":"https:\/\/api.w.org\/{rel}","templated":true}]}}