{"id":10919,"date":"2026-03-20T18:49:55","date_gmt":"2026-03-20T15:49:55","guid":{"rendered":"https:\/\/euromosmobility.com\/?page_id=10919"},"modified":"2026-03-20T18:50:57","modified_gmt":"2026-03-20T15:50:57","slug":"denizli-surdurulebilir-kentsel-ulasim-plani","status":"publish","type":"page","link":"https:\/\/euromosmobility.com\/en\/projects\/denizli-surdurulebilir-kentsel-ulasim-plani\/","title":{"rendered":"Denizli Sustainable Urban Transportation Plan"},"content":{"rendered":"<div data-elementor-type=\"wp-page\" data-elementor-id=\"10919\" class=\"elementor elementor-10919\" data-elementor-post-type=\"page\">\n\t\t\t\t\t\t<section class=\"elementor-section elementor-top-section elementor-element elementor-element-3c1a9572 elementor-reverse-tablet elementor-reverse-mobile elementor-section-boxed elementor-section-height-default elementor-section-height-default\" data-id=\"3c1a9572\" data-element_type=\"section\" data-e-type=\"section\">\n\t\t\t\t\t\t<div class=\"elementor-container elementor-column-gap-default\">\n\t\t\t\t\t<div class=\"elementor-column elementor-col-50 elementor-top-column elementor-element elementor-element-f3bea06\" data-id=\"f3bea06\" data-element_type=\"column\" data-e-type=\"column\">\n\t\t\t<div class=\"elementor-widget-wrap elementor-element-populated\">\n\t\t\t\t\t\t<div class=\"elementor-element elementor-element-33123f6c elementor-widget elementor-widget-ld_content_box\" data-id=\"33123f6c\" data-element_type=\"widget\" data-e-type=\"widget\" data-widget_type=\"ld_content_box.default\">\n\t\t\t\t<div class=\"elementor-widget-container\">\n\t\t\t\t\t\n\t\t<div class=\"lqd-fb pos-rel lqd-fb-style-6 border-radius-4 h-pt-60\" data-lqd-zindex=\"true\">\n\t\t\n\t\t\t<div class=\"lqd-fb-shadow\"><\/div>\n\n\t\t\t<div class=\"flex-wrap d-flex align-items-center lqd-overlay\" data-hover3d=\"true\">\n\n\t\t\t\t<div class=\"lqd-fb-content-wrap lqd-overlay flex-column align-items-end transform-style-3d backface-hidden will-change-transform\" data-stacking-factor=\"0.5\">\n\n\t\t\t\t\t<div class=\"overflow-hidden lqd-fb-img lqd-overlay border-radius-4 backface-hidden\">\n\t\t\t\t\t\t<figure class=\"w-100 h-100\">\n\t\t\t\t\t\t\t<img decoding=\"async\" class=\"w-100 h-100 objfit-cover objfit-center\" src=\"https:\/\/euromosmobility.com\/wp-content\/uploads\/euromosmobility_0001_Denizli-Surdurulebilir-Kentsel-Ulasim-Plani.webp\">\t\t\t\t\t\t<\/figure>\n\t\t\t\t\t\t<div class=\"lqd-fb-bg lqd-overlay\"><\/div>\n\t\t\t\t\t\t<div class=\"lqd-fb-hover-overlay lqd-overlay\"><\/div>\n\t\t\t\t\t<\/div>\n\n\t\t\t\t\t<div class=\"p-4 lqd-fb-content d-flex flex-column justify-content-end lqd-overlay backface-hidden\">\n\n\t\t\t\t\t\t<span class=\"mb-5 lqd-fb-icon d-flex\">\n\t\t\t\t\t\t\t<i aria-hidden=\"true\" class=\"lqd-icn-ess icon-lqd-laptop\"><\/i>\t\t\t\t\t\t<\/span>\n\n\t\t\t\t\t\t\t\t\t\t\t\t<h6 class=\"mt-0 mb-3 font-weight-bold\">Our Specialties<\/h6>\n\t\t\t\t\t\t<h2 class=\"lqd-fb__title mt-0 mb-3 font-weight-bold\">Denizli Sustainable Urban Transportation Plan<\/h2>\n\t\t\t\t\t<\/div>\n\n\t\t\t\t<\/div>\n\n\t\t\t\t\n\t\t\t<\/div>\n\n\t\t\t\t\t<\/div>\n\t\t\t\t\t\t<\/div>\n\t\t\t\t<\/div>\n\t\t\t\t<div class=\"elementor-element elementor-element-7c61152 elementor-widget elementor-widget-text-editor\" data-id=\"7c61152\" data-element_type=\"widget\" data-e-type=\"widget\" data-widget_type=\"text-editor.default\">\n\t\t\t\t\t\t\t\t\t<p><span style=\"font-weight: 400;\">Denizli\u2019de hareketlili\u011fin g\u00fcvenlik, eri\u015filebilirlik ve d\u00fc\u015f\u00fck karbon hedefleriyle yeniden yap\u0131land\u0131r\u0131lmas\u0131 amac\u0131yla\u00a0 Denizli SKUP geli\u015ftirilmi\u015ftir. Mevcut durumda Denizli\u2019de otomobil sahipli\u011fi 231 otomobil\/1.000 ki\u015fi d\u00fczeyinde\u00a0 seyretmekte, kent i\u00e7i yolculuklar\u0131n %47\u2019si \u00f6zel ara\u00e7larla ger\u00e7ekle\u015fmekte ve toplu ta\u015f\u0131ma omurgas\u0131 343 otob\u00fcsl\u00fck\u00a0 filo ile g\u00fcnl\u00fck yakla\u015f\u0131k 125.000 yolcu ta\u015f\u0131maktad\u0131r. Bu \u00e7er\u00e7evede plan, karma trafik ko\u015fullar\u0131n\u0131n d\u00fc\u015f\u00fcrd\u00fc\u011f\u00fc hizmet\u00a0 g\u00fcvenilirli\u011fi ile aktif ula\u015f\u0131m altyap\u0131s\u0131ndaki s\u00fcreksizlikleri do\u011frudan hedefleyen, \u00f6l\u00e7\u00fclebilir bir d\u00f6n\u00fc\u015f\u00fcm program\u0131\u00a0 olarak kurgulanm\u0131\u015ft\u0131r.\u00a0<\/span><\/p><p><span style=\"font-weight: 400;\">SKUP\u2019un teknik omurgas\u0131, \u201cdijital ikiz\u201d yakla\u015f\u0131m\u0131yla geli\u015ftirilen b\u00fct\u00fcnle\u015fik ula\u015f\u0131m modeli \u00fczerine kurulmu\u015ftur.\u00a0 Dijital ortamda kurgulanan d\u00f6rt a\u015famal\u0131 talep modeli, arazi kullan\u0131m\u0131 dinamikleriyle entegre edilerek 2040\u00a0 projeksiyonlar\u0131n\u0131n bilimsel temelde \u00fcretilmesi sa\u011flanm\u0131\u015ft\u0131r. Model do\u011frulu\u011fu, 24 kritik kav\u015fakta ve 421 noktada\u00a0 y\u00fcr\u00fct\u00fclen kapsaml\u0131 say\u0131m \u00e7al\u0131\u015fmalar\u0131yla desteklenmi\u015f; 12.778 km yol a\u011f\u0131 \u015ferit\u2013h\u0131z\u2013kapasite parametreleriyle\u00a0 say\u0131salla\u015ft\u0131r\u0131lm\u0131\u015f ve saha verileriyle uyum %88 seviyesinde do\u011frulanm\u0131\u015ft\u0131r. B\u00f6ylece yat\u0131r\u0131m \u00f6ncelikleri varsay\u0131mlara\u00a0 de\u011fil, sahadan t\u00fcretilen performans kan\u0131tlar\u0131na dayand\u0131r\u0131lm\u0131\u015ft\u0131r.\u00a0<\/span><\/p><p><span style=\"font-weight: 400;\">Uygulama \u00e7er\u00e7evesi, 8 tedbir paketi alt\u0131nda 66 tedbir ve 425 proje ile \u201cportf\u00f6y mant\u0131\u011f\u0131nda\u201d tan\u0131mlanm\u0131\u015f;\u00a0 d\u00f6n\u00fc\u015f\u00fcm\u00fcn \u00e7ekirde\u011fi toplu ta\u015f\u0131ma\u2013aktif ula\u015f\u0131m\u2013AUS entegrasyonu olarak belirlenmi\u015ftir. 2040 hedef seti;\u00a0 s\u00fcrd\u00fcr\u00fclebilir mod pay\u0131n\u0131n %31\u2019den %53\u2019e \u00e7\u0131kar\u0131lmas\u0131n\u0131, bisiklet a\u011f\u0131n\u0131n 155 km\u2019ye y\u00fckseltilmesini ve y\u00fcksek\u00a0 kapasiteli omurga koridorunun 68,3 km d\u00fczeyinde devreye al\u0131nmas\u0131n\u0131 i\u00e7eren net performans g\u00f6stergeleriyle\u00a0<\/span><\/p><p><span style=\"font-weight: 400;\">yap\u0131land\u0131r\u0131lm\u0131\u015ft\u0131r. Trafik g\u00fcvenli\u011finde \u201cVizyon S\u0131f\u0131r\u201d yakla\u015f\u0131m\u0131 benimsenmi\u015f; trafik kazas\u0131 kaynakl\u0131 can kayb\u0131n\u0131n 0\u00a0 seviyesine indirilmesi ve ciddi yaralanmalar\u0131n azalt\u0131lmas\u0131 hedeflenmi\u015ftir.\u00a0<\/span><\/p>\t\t\t\t\t\t\t\t<\/div>\n\t\t\t\t<div class=\"elementor-element elementor-element-3fb4b944 elementor-widget-divider--view-line elementor-widget elementor-widget-divider\" data-id=\"3fb4b944\" data-element_type=\"widget\" data-e-type=\"widget\" data-widget_type=\"divider.default\">\n\t\t\t\t\t\t\t<div class=\"elementor-divider\">\n\t\t\t<span class=\"elementor-divider-separator\">\n\t\t\t\t\t\t<\/span>\n\t\t<\/div>\n\t\t\t\t\t\t<\/div>\n\t\t\t\t\t<\/div>\n\t\t<\/div>\n\t\t\t\t<div class=\"lqd-css-sticky-column elementor-column elementor-col-50 elementor-top-column elementor-element elementor-element-32fa2834\" style=\"--lqd-sticky-offset:10px\" data-id=\"32fa2834\" data-element_type=\"column\" data-e-type=\"column\">\n\t\t\t<div class=\"elementor-widget-wrap elementor-element-populated\">\n\t\t\t\t\t\t<section class=\"elementor-section elementor-inner-section elementor-element elementor-element-4e7b8e86 elementor-section-boxed elementor-section-height-default elementor-section-height-default\" data-id=\"4e7b8e86\" data-element_type=\"section\" data-e-type=\"section\">\n\t\t\t\t\t\t<div class=\"elementor-container elementor-column-gap-default\">\n\t\t\t\t\t<div class=\"elementor-column elementor-col-100 elementor-inner-column elementor-element elementor-element-32e9bcc0\" data-id=\"32e9bcc0\" data-element_type=\"column\" data-e-type=\"column\" data-settings=\"{&quot;background_background&quot;:&quot;classic&quot;}\">\n\t\t\t<div class=\"elementor-widget-wrap elementor-element-populated\">\n\t\t\t\t\t\t<div class=\"elementor-element elementor-element-3ba20b94 elementor-widget elementor-widget-hub_fancy_heading\" data-id=\"3ba20b94\" data-element_type=\"widget\" data-e-type=\"widget\" data-widget_type=\"hub_fancy_heading.default\">\n\t\t\t\t<div class=\"elementor-widget-container\">\n\t\t\t\t\t\n\t\t<div id=\"ld-fancy-heading-69d2b1d4b43c8\" class=\"ld-fancy-heading pos-rel\">\n\t\t\t<h3 class=\"ld-fh-element d-inline-block pos-rel  elementor-heading-title lqd-highlight-classic lqd-highlight-grow-left h3\"  > Contact us<\/h3>\t\t<\/div>\n\n\t\t\t\t\t\t<\/div>\n\t\t\t\t<\/div>\n\t\t\t\t\t<\/div>\n\t\t<\/div>\n\t\t\t\t\t<\/div>\n\t\t<\/section>\n\t\t\t\t<div class=\"elementor-element elementor-element-551d74d0 elementor-button-align-stretch elementor-widget elementor-widget-form\" data-id=\"551d74d0\" data-element_type=\"widget\" data-e-type=\"widget\" data-settings=\"{&quot;step_next_label&quot;:&quot;Next&quot;,&quot;step_previous_label&quot;:&quot;Previous&quot;,&quot;button_width&quot;:&quot;100&quot;,&quot;step_type&quot;:&quot;number_text&quot;,&quot;step_icon_shape&quot;:&quot;circle&quot;}\" data-widget_type=\"form.default\">\n\t\t\t\t\t\t\t<form class=\"elementor-form\" method=\"post\" name=\"New Form\" aria-label=\"New Form\" action=\"\">\n\t\t\t<input type=\"hidden\" name=\"post_id\" value=\"10919\"\/>\n\t\t\t<input type=\"hidden\" name=\"form_id\" value=\"551d74d0\"\/>\n\t\t\t<input type=\"hidden\" name=\"referer_title\" value=\"Denizli S\u00fcrd\u00fcr\u00fclebilir Kentsel Ula\u015f\u0131m Plan\u0131 - EuroMos\" \/>\n\n\t\t\t\t\t\t\t<input type=\"hidden\" name=\"queried_id\" value=\"10919\"\/>\n\t\t\t\n\t\t\t<div class=\"elementor-form-fields-wrapper elementor-labels-above\">\n\t\t\t\t\t\t\t\t<div class=\"elementor-field-type-text elementor-field-group elementor-column elementor-field-group-name elementor-col-100\">\n\t\t\t\t\t\t\t\t\t\t\t\t<label for=\"form-field-name\" class=\"elementor-field-label\">\n\t\t\t\t\t\t\t\tName Surname\t\t\t\t\t\t\t<\/label>\n\t\t\t\t\t\t\t\t\t\t\t\t\t\t<input size=\"1\" type=\"text\" name=\"form_fields[name]\" id=\"form-field-name\" class=\"elementor-field elementor-size-sm  elementor-field-textual\" placeholder=\"your name and surname\">\n\t\t\t\t\t\t\t\t\t\t\t<\/div>\n\t\t\t\t\t\t\t\t<div class=\"elementor-field-type-email elementor-field-group elementor-column elementor-field-group-email elementor-col-100 elementor-field-required\">\n\t\t\t\t\t\t\t\t\t\t\t\t<label for=\"form-field-email\" class=\"elementor-field-label\">\n\t\t\t\t\t\t\t\tEmail\t\t\t\t\t\t\t<\/label>\n\t\t\t\t\t\t\t\t\t\t\t\t\t\t<input size=\"1\" type=\"email\" name=\"form_fields[email]\" id=\"form-field-email\" class=\"elementor-field elementor-size-sm  elementor-field-textual\" placeholder=\"Email\" required=\"required\">\n\t\t\t\t\t\t\t\t\t\t\t<\/div>\n\t\t\t\t\t\t\t\t<div class=\"elementor-field-type-textarea elementor-field-group elementor-column elementor-field-group-message elementor-col-100\">\n\t\t\t\t\t\t\t\t\t\t\t\t<label for=\"form-field-message\" class=\"elementor-field-label\">\n\t\t\t\t\t\t\t\tYour message\t\t\t\t\t\t\t<\/label>\n\t\t\t\t\t\t<textarea class=\"elementor-field-textual elementor-field  elementor-size-sm\" name=\"form_fields[message]\" id=\"form-field-message\" rows=\"4\" placeholder=\"write your message briefly\"><\/textarea>\t\t\t\t<\/div>\n\t\t\t\t\t\t\t\t<div class=\"elementor-field-group elementor-column elementor-field-type-submit elementor-col-100 e-form__buttons\">\n\t\t\t\t\t<button class=\"elementor-button elementor-size-sm\" type=\"submit\">\n\t\t\t\t\t\t<span class=\"elementor-button-content-wrapper\">\n\t\t\t\t\t\t\t\t\t\t\t\t\t\t\t\t\t\t\t\t\t\t<span class=\"elementor-button-text\">Send<\/span>\n\t\t\t\t\t\t\t\t\t\t\t\t\t<\/span>\n\t\t\t\t\t<\/button>\n\t\t\t\t<\/div>\n\t\t\t<\/div>\n\t\t<input type=\"hidden\" name=\"trp-form-language\" value=\"en\"\/><\/form>\n\t\t\t\t\t\t<\/div>\n\t\t\t\t\t<\/div>\n\t\t<\/div>\n\t\t\t\t\t<\/div>\n\t\t<\/section>\n\t\t\t\t<\/div>","protected":false},"excerpt":{"rendered":"<p>Uzmanl\u0131klar\u0131m\u0131z Denizli S\u00fcrd\u00fcr\u00fclebilir Kentsel Ula\u015f\u0131m Plan\u0131 Denizli\u2019de hareketlili\u011fin g\u00fcvenlik, eri\u015filebilirlik ve d\u00fc\u015f\u00fck karbon hedefleriyle yeniden yap\u0131land\u0131r\u0131lmas\u0131 amac\u0131yla\u00a0 Denizli SKUP geli\u015ftirilmi\u015ftir. Mevcut durumda Denizli\u2019de otomobil sahipli\u011fi 231 otomobil\/1.000 ki\u015fi d\u00fczeyinde\u00a0 seyretmekte, kent i\u00e7i yolculuklar\u0131n %47\u2019si \u00f6zel ara\u00e7larla ger\u00e7ekle\u015fmekte ve toplu ta\u015f\u0131ma omurgas\u0131 343 otob\u00fcsl\u00fck\u00a0 filo ile g\u00fcnl\u00fck yakla\u015f\u0131k 125.000 yolcu ta\u015f\u0131maktad\u0131r. Bu \u00e7er\u00e7evede plan, karma trafik [&hellip;]<\/p>","protected":false},"author":1,"featured_media":0,"parent":10513,"menu_order":0,"comment_status":"closed","ping_status":"closed","template":"","meta":{"footnotes":""},"class_list":["post-10919","page","type-page","status-publish","hentry"],"_links":{"self":[{"href":"https:\/\/euromosmobility.com\/en\/wp-json\/wp\/v2\/pages\/10919","targetHints":{"allow":["GET"]}}],"collection":[{"href":"https:\/\/euromosmobility.com\/en\/wp-json\/wp\/v2\/pages"}],"about":[{"href":"https:\/\/euromosmobility.com\/en\/wp-json\/wp\/v2\/types\/page"}],"author":[{"embeddable":true,"href":"https:\/\/euromosmobility.com\/en\/wp-json\/wp\/v2\/users\/1"}],"replies":[{"embeddable":true,"href":"https:\/\/euromosmobility.com\/en\/wp-json\/wp\/v2\/comments?post=10919"}],"version-history":[{"count":4,"href":"https:\/\/euromosmobility.com\/en\/wp-json\/wp\/v2\/pages\/10919\/revisions"}],"predecessor-version":[{"id":10925,"href":"https:\/\/euromosmobility.com\/en\/wp-json\/wp\/v2\/pages\/10919\/revisions\/10925"}],"up":[{"embeddable":true,"href":"https:\/\/euromosmobility.com\/en\/wp-json\/wp\/v2\/pages\/10513"}],"wp:attachment":[{"href":"https:\/\/euromosmobility.com\/en\/wp-json\/wp\/v2\/media?parent=10919"}],"curies":[{"name":"wp","href":"https:\/\/api.w.org\/{rel}","templated":true}]}}