{"id":10884,"date":"2026-03-20T15:43:47","date_gmt":"2026-03-20T12:43:47","guid":{"rendered":"https:\/\/euromosmobility.com\/?page_id=10884"},"modified":"2026-03-20T15:45:56","modified_gmt":"2026-03-20T12:45:56","slug":"european-union-support-for-sustainable-urban-mobility-in-cities-project","status":"publish","type":"page","link":"https:\/\/euromosmobility.com\/en\/projects\/european-union-support-for-sustainable-urban-mobility-in-cities-project\/","title":{"rendered":"European Union Support for Sustainable Urban Mobility in Cities"},"content":{"rendered":"<div data-elementor-type=\"wp-page\" data-elementor-id=\"10884\" class=\"elementor elementor-10884\" data-elementor-post-type=\"page\">\n\t\t\t\t\t\t<section class=\"elementor-section elementor-top-section elementor-element elementor-element-3f2762d6 elementor-reverse-tablet elementor-reverse-mobile elementor-section-boxed elementor-section-height-default elementor-section-height-default\" data-id=\"3f2762d6\" data-element_type=\"section\" data-e-type=\"section\">\n\t\t\t\t\t\t<div class=\"elementor-container elementor-column-gap-default\">\n\t\t\t\t\t<div class=\"elementor-column elementor-col-50 elementor-top-column elementor-element elementor-element-c00bcab\" data-id=\"c00bcab\" data-element_type=\"column\" data-e-type=\"column\">\n\t\t\t<div class=\"elementor-widget-wrap elementor-element-populated\">\n\t\t\t\t\t\t<div class=\"elementor-element elementor-element-5177426d elementor-widget elementor-widget-ld_content_box\" data-id=\"5177426d\" data-element_type=\"widget\" data-e-type=\"widget\" data-widget_type=\"ld_content_box.default\">\n\t\t\t\t<div class=\"elementor-widget-container\">\n\t\t\t\t\t\n\t\t<div class=\"lqd-fb pos-rel lqd-fb-style-6 border-radius-4 h-pt-60\" data-lqd-zindex=\"true\">\n\t\t\n\t\t\t<div class=\"lqd-fb-shadow\"><\/div>\n\n\t\t\t<div class=\"flex-wrap d-flex align-items-center lqd-overlay\" data-hover3d=\"true\">\n\n\t\t\t\t<div class=\"lqd-fb-content-wrap lqd-overlay flex-column align-items-end transform-style-3d backface-hidden will-change-transform\" data-stacking-factor=\"0.5\">\n\n\t\t\t\t\t<div class=\"overflow-hidden lqd-fb-img lqd-overlay border-radius-4 backface-hidden\">\n\t\t\t\t\t\t<figure class=\"w-100 h-100\">\n\t\t\t\t\t\t\t<img decoding=\"async\" class=\"w-100 h-100 objfit-cover objfit-center\" src=\"https:\/\/euromosmobility.com\/wp-content\/uploads\/Turkiye-SKUP.webp\">\t\t\t\t\t\t<\/figure>\n\t\t\t\t\t\t<div class=\"lqd-fb-bg lqd-overlay\"><\/div>\n\t\t\t\t\t\t<div class=\"lqd-fb-hover-overlay lqd-overlay\"><\/div>\n\t\t\t\t\t<\/div>\n\n\t\t\t\t\t<div class=\"p-4 lqd-fb-content d-flex flex-column justify-content-end lqd-overlay backface-hidden\">\n\n\t\t\t\t\t\t<span class=\"mb-5 lqd-fb-icon d-flex\">\n\t\t\t\t\t\t\t<i aria-hidden=\"true\" class=\"lqd-icn-ess icon-lqd-laptop\"><\/i>\t\t\t\t\t\t<\/span>\n\n\t\t\t\t\t\t\t\t\t\t\t\t<h6 class=\"mt-0 mb-3 font-weight-bold\">Our Specialties<\/h6>\n\t\t\t\t\t\t<h2 class=\"lqd-fb__title mt-0 mb-3 font-weight-bold\">European Union Support for Sustainable Urban Mobility in Cities<\/h2>\n\t\t\t\t\t<\/div>\n\n\t\t\t\t<\/div>\n\n\t\t\t\t\n\t\t\t<\/div>\n\n\t\t\t\t\t<\/div>\n\t\t\t\t\t\t<\/div>\n\t\t\t\t<\/div>\n\t\t\t\t<div class=\"elementor-element elementor-element-be42940 elementor-widget elementor-widget-text-editor\" data-id=\"be42940\" data-element_type=\"widget\" data-e-type=\"widget\" data-widget_type=\"text-editor.default\">\n\t\t\t\t\t\t\t\t\t<p><span style=\"font-weight: 400;\">The European Union Support for Sustainable Urban Mobility in Cities Project (SKUP Turkey) is co-financed by the European Union and the Republic of Turkey.\u00a0<\/span><\/p><p><span style=\"font-weight: 400;\">The main objective of the project is to promote a shift away from an individual transport-oriented approach at both national and city level, and to encourage a transition towards sustainable, accessible and inclusive forms of mobility. In line with this objective, it is aimed to reduce the environmental impacts of mobility in cities, strengthen accessibility for all users, including vulnerable groups, and make transportation options more equitable.\u00a0<\/span><\/p><p><span style=\"font-weight: 400;\">The project aims to support policy dialogue and capacity building of municipalities in the field of sustainable urban mobility. In addition, the project aims to promote the European Mobility Week (EMW) in Turkey and raise awareness in this context.\u00a0<\/span><\/p><p><span style=\"font-weight: 400;\">The concrete results of the SKUp Turkey Project are structured as a holistic set of outputs that strengthen the policy-making, institutional capacity building and access to information components together. The Green Policy Paper is a strategic document that comprehensively examines the existing policy-legislative-institutional framework, prepared with the participation of stakeholders and decision makers, based on a detailed analysis of the current urban mobility conditions in Turkey. This document makes visible the gaps between Turkey's and the EU's sustainable mobility goals and systematically identifies key issues, priorities and areas of opportunity for improvement.\u00a0<\/span><\/p><p><span style=\"font-weight: 400;\">The White Policy Paper is positioned as a policy document that defines national targets in a holistic framework for the first time based on the sustainable urban mobility needs of cities and aims to make urban transportation more livable, accessible, integrated and climate-friendly with a 25-year vision. This transformation is not limited to technical interventions, but is designed with the necessary legal arrangements, institutional reforms, data-based governance tools and sustainable financing models. This framework, in line with the EU's strategic orientations, brings together central and local institutions on a common strategic ground and serves as a reference in all processes from planning to implementation.\u00a0<\/span><\/p><p><span style=\"font-weight: 400;\">The project establishes a long-term policy dialogue on sustainable urban mobility between key stakeholders in Turkey and their European counterparts in support of policy documents. This dialogue serves to set a common agenda at different governance levels, transfer good practices and strengthen inter-institutional coordination. In parallel, trainings support the enhancement of knowledge, skills and experience of Union of Municipalities of Turkey staff, municipal administrators, urban planners, experts and service providers, thereby enhancing implementation capacity.\u00a0<\/span><\/p><p><span style=\"font-weight: 400;\">In terms of access to information and visibility, the website created under the project provides a digital information platform with source documents, training content, good practice examples and visual materials, and regularly informs the public about European Mobility Week activities. Through study visits, SKUp experts from Turkey, representatives from the Union of Municipalities of Turkey and Task Force institutions are able to observe successful practices in Europe; these visits are carried out with the aim of mutual experience exchange and institutional capacity building.<\/span><\/p><p><span style=\"font-weight: 400;\">In terms of localization of technical know-how, Turkish translations of 10 ELTIS Guidelines, which are among the European Union's main reference sources for SDIP planning, are prepared; texts are adapted to the national context and technical terminology consistency is ensured. Complementing these translations, handbooks serve as practical guides for municipalities and support planning processes with practical examples by focusing on sectoral thematic areas such as data management, participation and public transport integration.\u00a0<\/span><\/p>\t\t\t\t\t\t\t\t<\/div>\n\t\t\t\t<div class=\"elementor-element elementor-element-1fddc6d4 elementor-widget-divider--view-line elementor-widget elementor-widget-divider\" data-id=\"1fddc6d4\" data-element_type=\"widget\" data-e-type=\"widget\" data-widget_type=\"divider.default\">\n\t\t\t\t\t\t\t<div class=\"elementor-divider\">\n\t\t\t<span class=\"elementor-divider-separator\">\n\t\t\t\t\t\t<\/span>\n\t\t<\/div>\n\t\t\t\t\t\t<\/div>\n\t\t\t\t\t<\/div>\n\t\t<\/div>\n\t\t\t\t<div class=\"lqd-css-sticky-column elementor-column elementor-col-50 elementor-top-column elementor-element elementor-element-3d85e5b5\" style=\"--lqd-sticky-offset:10px\" data-id=\"3d85e5b5\" data-element_type=\"column\" data-e-type=\"column\">\n\t\t\t<div class=\"elementor-widget-wrap elementor-element-populated\">\n\t\t\t\t\t\t<section class=\"elementor-section elementor-inner-section elementor-element elementor-element-3d36dfa elementor-section-boxed elementor-section-height-default elementor-section-height-default\" data-id=\"3d36dfa\" data-element_type=\"section\" data-e-type=\"section\">\n\t\t\t\t\t\t<div class=\"elementor-container elementor-column-gap-default\">\n\t\t\t\t\t<div class=\"elementor-column elementor-col-100 elementor-inner-column elementor-element elementor-element-2077d4d5\" data-id=\"2077d4d5\" data-element_type=\"column\" data-e-type=\"column\" data-settings=\"{&quot;background_background&quot;:&quot;classic&quot;}\">\n\t\t\t<div class=\"elementor-widget-wrap elementor-element-populated\">\n\t\t\t\t\t\t<div class=\"elementor-element elementor-element-18b98870 elementor-widget elementor-widget-hub_fancy_heading\" data-id=\"18b98870\" data-element_type=\"widget\" data-e-type=\"widget\" data-widget_type=\"hub_fancy_heading.default\">\n\t\t\t\t<div class=\"elementor-widget-container\">\n\t\t\t\t\t\n\t\t<div id=\"ld-fancy-heading-69d29cd7d3c65\" class=\"ld-fancy-heading pos-rel\">\n\t\t\t<h3 class=\"ld-fh-element d-inline-block pos-rel  elementor-heading-title lqd-highlight-classic lqd-highlight-grow-left h3\"  > Contact us<\/h3>\t\t<\/div>\n\n\t\t\t\t\t\t<\/div>\n\t\t\t\t<\/div>\n\t\t\t\t\t<\/div>\n\t\t<\/div>\n\t\t\t\t\t<\/div>\n\t\t<\/section>\n\t\t\t\t<div class=\"elementor-element elementor-element-62643f04 elementor-button-align-stretch elementor-widget elementor-widget-form\" data-id=\"62643f04\" data-element_type=\"widget\" data-e-type=\"widget\" data-settings=\"{&quot;step_next_label&quot;:&quot;Next&quot;,&quot;step_previous_label&quot;:&quot;Previous&quot;,&quot;button_width&quot;:&quot;100&quot;,&quot;step_type&quot;:&quot;number_text&quot;,&quot;step_icon_shape&quot;:&quot;circle&quot;}\" data-widget_type=\"form.default\">\n\t\t\t\t\t\t\t<form class=\"elementor-form\" method=\"post\" name=\"New Form\" aria-label=\"New Form\" action=\"\">\n\t\t\t<input type=\"hidden\" name=\"post_id\" value=\"10884\"\/>\n\t\t\t<input type=\"hidden\" name=\"form_id\" value=\"62643f04\"\/>\n\t\t\t<input type=\"hidden\" name=\"referer_title\" value=\"\u015eehirlerde S\u00fcrd\u00fcr\u00fclebilir Kentsel Hareketlilik i\u00e7in Avrupa Birli\u011fi Deste\u011fi Projesi - EuroMos\" \/>\n\n\t\t\t\t\t\t\t<input type=\"hidden\" name=\"queried_id\" value=\"10884\"\/>\n\t\t\t\n\t\t\t<div class=\"elementor-form-fields-wrapper elementor-labels-above\">\n\t\t\t\t\t\t\t\t<div class=\"elementor-field-type-text elementor-field-group elementor-column elementor-field-group-name elementor-col-100\">\n\t\t\t\t\t\t\t\t\t\t\t\t<label for=\"form-field-name\" class=\"elementor-field-label\">\n\t\t\t\t\t\t\t\tName Surname\t\t\t\t\t\t\t<\/label>\n\t\t\t\t\t\t\t\t\t\t\t\t\t\t<input size=\"1\" type=\"text\" name=\"form_fields[name]\" id=\"form-field-name\" class=\"elementor-field elementor-size-sm  elementor-field-textual\" placeholder=\"your name and surname\">\n\t\t\t\t\t\t\t\t\t\t\t<\/div>\n\t\t\t\t\t\t\t\t<div class=\"elementor-field-type-email elementor-field-group elementor-column elementor-field-group-email elementor-col-100 elementor-field-required\">\n\t\t\t\t\t\t\t\t\t\t\t\t<label for=\"form-field-email\" class=\"elementor-field-label\">\n\t\t\t\t\t\t\t\tEmail\t\t\t\t\t\t\t<\/label>\n\t\t\t\t\t\t\t\t\t\t\t\t\t\t<input size=\"1\" type=\"email\" name=\"form_fields[email]\" id=\"form-field-email\" class=\"elementor-field elementor-size-sm  elementor-field-textual\" placeholder=\"Email\" required=\"required\">\n\t\t\t\t\t\t\t\t\t\t\t<\/div>\n\t\t\t\t\t\t\t\t<div class=\"elementor-field-type-textarea elementor-field-group elementor-column elementor-field-group-message elementor-col-100\">\n\t\t\t\t\t\t\t\t\t\t\t\t<label for=\"form-field-message\" class=\"elementor-field-label\">\n\t\t\t\t\t\t\t\tYour message\t\t\t\t\t\t\t<\/label>\n\t\t\t\t\t\t<textarea class=\"elementor-field-textual elementor-field  elementor-size-sm\" name=\"form_fields[message]\" id=\"form-field-message\" rows=\"4\" placeholder=\"write your message briefly\"><\/textarea>\t\t\t\t<\/div>\n\t\t\t\t\t\t\t\t<div class=\"elementor-field-group elementor-column elementor-field-type-submit elementor-col-100 e-form__buttons\">\n\t\t\t\t\t<button class=\"elementor-button elementor-size-sm\" type=\"submit\">\n\t\t\t\t\t\t<span class=\"elementor-button-content-wrapper\">\n\t\t\t\t\t\t\t\t\t\t\t\t\t\t\t\t\t\t\t\t\t\t<span class=\"elementor-button-text\">Send<\/span>\n\t\t\t\t\t\t\t\t\t\t\t\t\t<\/span>\n\t\t\t\t\t<\/button>\n\t\t\t\t<\/div>\n\t\t\t<\/div>\n\t\t<input type=\"hidden\" name=\"trp-form-language\" value=\"en\"\/><\/form>\n\t\t\t\t\t\t<\/div>\n\t\t\t\t\t<\/div>\n\t\t<\/div>\n\t\t\t\t\t<\/div>\n\t\t<\/section>\n\t\t\t\t<\/div>","protected":false},"excerpt":{"rendered":"<p>Uzmanl\u0131klar\u0131m\u0131z \u015eehirlerde S\u00fcrd\u00fcr\u00fclebilir Kentsel Hareketlilik i\u00e7in Avrupa Birli\u011fi Deste\u011fi Projesi \u015eehirlerde S\u00fcrd\u00fcr\u00fclebilir Kentsel Hareketlilik i\u00e7in Avrupa Birli\u011fi Deste\u011fi Projesi (SKUP T\u00fcrkiye), Avrupa Birli\u011fi ve\u00a0 T\u00fcrkiye Cumhuriyeti taraf\u0131ndan ortakla\u015fa finanse edilmi\u015ftir.\u00a0 Projenin temel amac\u0131, hem ulusal d\u00fczeyde hem de \u015fehir \u00f6l\u00e7e\u011finde bireysel ula\u015f\u0131m odakl\u0131 yakla\u015f\u0131mdan\u00a0 uzakla\u015f\u0131lmas\u0131n\u0131 sa\u011flayarak s\u00fcrd\u00fcr\u00fclebilir, eri\u015filebilir ve kapsay\u0131c\u0131 hareketlilik t\u00fcrlerine ge\u00e7i\u015fi te\u015fvik etmektedir. [&hellip;]<\/p>","protected":false},"author":1,"featured_media":0,"parent":10513,"menu_order":0,"comment_status":"closed","ping_status":"closed","template":"","meta":{"footnotes":""},"class_list":["post-10884","page","type-page","status-publish","hentry"],"_links":{"self":[{"href":"https:\/\/euromosmobility.com\/en\/wp-json\/wp\/v2\/pages\/10884","targetHints":{"allow":["GET"]}}],"collection":[{"href":"https:\/\/euromosmobility.com\/en\/wp-json\/wp\/v2\/pages"}],"about":[{"href":"https:\/\/euromosmobility.com\/en\/wp-json\/wp\/v2\/types\/page"}],"author":[{"embeddable":true,"href":"https:\/\/euromosmobility.com\/en\/wp-json\/wp\/v2\/users\/1"}],"replies":[{"embeddable":true,"href":"https:\/\/euromosmobility.com\/en\/wp-json\/wp\/v2\/comments?post=10884"}],"version-history":[{"count":7,"href":"https:\/\/euromosmobility.com\/en\/wp-json\/wp\/v2\/pages\/10884\/revisions"}],"predecessor-version":[{"id":10893,"href":"https:\/\/euromosmobility.com\/en\/wp-json\/wp\/v2\/pages\/10884\/revisions\/10893"}],"up":[{"embeddable":true,"href":"https:\/\/euromosmobility.com\/en\/wp-json\/wp\/v2\/pages\/10513"}],"wp:attachment":[{"href":"https:\/\/euromosmobility.com\/en\/wp-json\/wp\/v2\/media?parent=10884"}],"curies":[{"name":"wp","href":"https:\/\/api.w.org\/{rel}","templated":true}]}}