{"id":10875,"date":"2026-03-20T15:40:33","date_gmt":"2026-03-20T12:40:33","guid":{"rendered":"https:\/\/euromosmobility.com\/?page_id=10875"},"modified":"2026-03-20T15:42:51","modified_gmt":"2026-03-20T12:42:51","slug":"public-transport-is-getting-smarter-in-denizli","status":"publish","type":"page","link":"https:\/\/euromosmobility.com\/en\/projects\/public-transport-is-getting-smarter-in-denizli\/","title":{"rendered":"Public Transportation is Getting Smarter in Denizli"},"content":{"rendered":"<div data-elementor-type=\"wp-page\" data-elementor-id=\"10875\" class=\"elementor elementor-10875\" data-elementor-post-type=\"page\">\n\t\t\t\t\t\t<section class=\"elementor-section elementor-top-section elementor-element elementor-element-256e9989 elementor-reverse-tablet elementor-reverse-mobile elementor-section-boxed elementor-section-height-default elementor-section-height-default\" data-id=\"256e9989\" data-element_type=\"section\" data-e-type=\"section\">\n\t\t\t\t\t\t<div class=\"elementor-container elementor-column-gap-default\">\n\t\t\t\t\t<div class=\"elementor-column elementor-col-50 elementor-top-column elementor-element elementor-element-5d30d4dc\" data-id=\"5d30d4dc\" data-element_type=\"column\" data-e-type=\"column\">\n\t\t\t<div class=\"elementor-widget-wrap elementor-element-populated\">\n\t\t\t\t\t\t<div class=\"elementor-element elementor-element-54c2189 elementor-widget elementor-widget-ld_content_box\" data-id=\"54c2189\" data-element_type=\"widget\" data-e-type=\"widget\" data-widget_type=\"ld_content_box.default\">\n\t\t\t\t<div class=\"elementor-widget-container\">\n\t\t\t\t\t\n\t\t<div class=\"lqd-fb pos-rel lqd-fb-style-6 border-radius-4 h-pt-60\" data-lqd-zindex=\"true\">\n\t\t\n\t\t\t<div class=\"lqd-fb-shadow\"><\/div>\n\n\t\t\t<div class=\"flex-wrap d-flex align-items-center lqd-overlay\" data-hover3d=\"true\">\n\n\t\t\t\t<div class=\"lqd-fb-content-wrap lqd-overlay flex-column align-items-end transform-style-3d backface-hidden will-change-transform\" data-stacking-factor=\"0.5\">\n\n\t\t\t\t\t<div class=\"overflow-hidden lqd-fb-img lqd-overlay border-radius-4 backface-hidden\">\n\t\t\t\t\t\t<figure class=\"w-100 h-100\">\n\t\t\t\t\t\t\t<img decoding=\"async\" class=\"w-100 h-100 objfit-cover objfit-center\" src=\"https:\/\/euromosmobility.com\/wp-content\/uploads\/Denizlide-Toplu-Tasima-Akillaniyor.webp\">\t\t\t\t\t\t<\/figure>\n\t\t\t\t\t\t<div class=\"lqd-fb-bg lqd-overlay\"><\/div>\n\t\t\t\t\t\t<div class=\"lqd-fb-hover-overlay lqd-overlay\"><\/div>\n\t\t\t\t\t<\/div>\n\n\t\t\t\t\t<div class=\"p-4 lqd-fb-content d-flex flex-column justify-content-end lqd-overlay backface-hidden\">\n\n\t\t\t\t\t\t<span class=\"mb-5 lqd-fb-icon d-flex\">\n\t\t\t\t\t\t\t<i aria-hidden=\"true\" class=\"lqd-icn-ess icon-lqd-laptop\"><\/i>\t\t\t\t\t\t<\/span>\n\n\t\t\t\t\t\t\t\t\t\t\t\t<h6 class=\"mt-0 mb-3 font-weight-bold\">Our Specialties<\/h6>\n\t\t\t\t\t\t<h2 class=\"lqd-fb__title mt-0 mb-3 font-weight-bold\">Public Transportation is Getting Smarter in Denizli<\/h2>\n\t\t\t\t\t<\/div>\n\n\t\t\t\t<\/div>\n\n\t\t\t\t\n\t\t\t<\/div>\n\n\t\t\t\t\t<\/div>\n\t\t\t\t\t\t<\/div>\n\t\t\t\t<\/div>\n\t\t\t\t<div class=\"elementor-element elementor-element-03736ff elementor-widget elementor-widget-text-editor\" data-id=\"03736ff\" data-element_type=\"widget\" data-e-type=\"widget\" data-widget_type=\"text-editor.default\">\n\t\t\t\t\t\t\t\t\t<p><span style=\"font-weight: 400;\">Within the scope of the project, the Intelligent Transportation Systems Strategy and Action Plan for Denizli and the proposed ITS architecture based on it have been prepared and brought to an approvable fiction. This output package started with the Current Situation Analysis Report, followed by the ITS Vision Report and Urban Transportation Strategy Report. The engineering backbone of this package was the ITS Architecture Document, which is aligned with the national architecture and aligned with EU frameworks, while the operationalization of the strategy was completed with the Implementation Plan \/ Measures Report, which includes prioritized action sets.\u00a0<\/span><\/p><p><span style=\"font-weight: 400;\">On the operational side, the structure of the Traffic Management Center (TCC) in Denizli was transformed and made operational; the organization chart for the TCC, role-responsibility-KPI sets for each position, Procedure Manual describing the processes step by step and ideal professional profile definitions were delivered. For institutional sustainability, the Training Needs Analysis Report, capacity building plan for TYM staff, separate capacity plan for SDUP development competency, implemented trainings and study visits to two EU cities were completed. As the most critical operational output, passenger\/driver information and safety-monitoring components were put into integrated operation with system integration; the number of smart stops was increased to 95; passenger and driver information systems reached 258 buses, mobile access was provided and line\/stop-based passenger density data sets were put into operation. On the visibility side, the Communication and Visibility Plan, visibility materials, 90 seconds information video, social media campaigns and closing event were completed.\u00a0<\/span><\/p><p><span style=\"font-weight: 400;\">As a result, in the transformation of public transportation and traffic operation in Denizli, the ITS Strategy and Action Plan and ITS architecture specific to the city have been put forward; a feasible roadmap for decision making and investment prioritization has been produced.\u00a0\u00a0<\/span><\/p><p><span style=\"font-weight: 400;\">This framework was transformed into an institutional operating capacity with the establishment and operationalization of TYM, and a sustainable management model was established by proceduralizing processes, roles and KPIs.\u00a0<\/span><\/p><p><span style=\"font-weight: 400;\">On the field side, system integration was ensured; passenger\/driver information, security-monitoring and passenger counting components were merged into a single operation, smart stop coverage was increased to 95, information systems coverage was increased to 258 buses, and line\/stop-based density data could be generated with mobile access.\u00a0<\/span><\/p>\t\t\t\t\t\t\t\t<\/div>\n\t\t\t\t<div class=\"elementor-element elementor-element-35974b5c elementor-widget-divider--view-line elementor-widget elementor-widget-divider\" data-id=\"35974b5c\" data-element_type=\"widget\" data-e-type=\"widget\" data-widget_type=\"divider.default\">\n\t\t\t\t\t\t\t<div class=\"elementor-divider\">\n\t\t\t<span class=\"elementor-divider-separator\">\n\t\t\t\t\t\t<\/span>\n\t\t<\/div>\n\t\t\t\t\t\t<\/div>\n\t\t\t\t\t<\/div>\n\t\t<\/div>\n\t\t\t\t<div class=\"lqd-css-sticky-column elementor-column elementor-col-50 elementor-top-column elementor-element elementor-element-17e659cd\" style=\"--lqd-sticky-offset:10px\" data-id=\"17e659cd\" data-element_type=\"column\" data-e-type=\"column\">\n\t\t\t<div class=\"elementor-widget-wrap elementor-element-populated\">\n\t\t\t\t\t\t<section class=\"elementor-section elementor-inner-section elementor-element elementor-element-2e072b6f elementor-section-boxed elementor-section-height-default elementor-section-height-default\" data-id=\"2e072b6f\" data-element_type=\"section\" data-e-type=\"section\">\n\t\t\t\t\t\t<div class=\"elementor-container elementor-column-gap-default\">\n\t\t\t\t\t<div class=\"elementor-column elementor-col-100 elementor-inner-column elementor-element elementor-element-3ad1e0af\" data-id=\"3ad1e0af\" data-element_type=\"column\" data-e-type=\"column\" data-settings=\"{&quot;background_background&quot;:&quot;classic&quot;}\">\n\t\t\t<div class=\"elementor-widget-wrap elementor-element-populated\">\n\t\t\t\t\t\t<div class=\"elementor-element elementor-element-3ac8d2aa elementor-widget elementor-widget-hub_fancy_heading\" data-id=\"3ac8d2aa\" data-element_type=\"widget\" data-e-type=\"widget\" data-widget_type=\"hub_fancy_heading.default\">\n\t\t\t\t<div class=\"elementor-widget-container\">\n\t\t\t\t\t\n\t\t<div id=\"ld-fancy-heading-69d29b4b1f6ea\" class=\"ld-fancy-heading pos-rel\">\n\t\t\t<h3 class=\"ld-fh-element d-inline-block pos-rel  elementor-heading-title lqd-highlight-classic lqd-highlight-grow-left h3\"  > Contact us<\/h3>\t\t<\/div>\n\n\t\t\t\t\t\t<\/div>\n\t\t\t\t<\/div>\n\t\t\t\t\t<\/div>\n\t\t<\/div>\n\t\t\t\t\t<\/div>\n\t\t<\/section>\n\t\t\t\t<div class=\"elementor-element elementor-element-1a11cc93 elementor-button-align-stretch elementor-widget elementor-widget-form\" data-id=\"1a11cc93\" data-element_type=\"widget\" data-e-type=\"widget\" data-settings=\"{&quot;step_next_label&quot;:&quot;Next&quot;,&quot;step_previous_label&quot;:&quot;Previous&quot;,&quot;button_width&quot;:&quot;100&quot;,&quot;step_type&quot;:&quot;number_text&quot;,&quot;step_icon_shape&quot;:&quot;circle&quot;}\" data-widget_type=\"form.default\">\n\t\t\t\t\t\t\t<form class=\"elementor-form\" method=\"post\" name=\"New Form\" aria-label=\"New Form\" action=\"\">\n\t\t\t<input type=\"hidden\" name=\"post_id\" value=\"10875\"\/>\n\t\t\t<input type=\"hidden\" name=\"form_id\" value=\"1a11cc93\"\/>\n\t\t\t<input type=\"hidden\" name=\"referer_title\" value=\"Denizli\u2019de Toplu Ta\u015f\u0131ma Ak\u0131llan\u0131yor - EuroMos\" \/>\n\n\t\t\t\t\t\t\t<input type=\"hidden\" name=\"queried_id\" value=\"10875\"\/>\n\t\t\t\n\t\t\t<div class=\"elementor-form-fields-wrapper elementor-labels-above\">\n\t\t\t\t\t\t\t\t<div class=\"elementor-field-type-text elementor-field-group elementor-column elementor-field-group-name elementor-col-100\">\n\t\t\t\t\t\t\t\t\t\t\t\t<label for=\"form-field-name\" class=\"elementor-field-label\">\n\t\t\t\t\t\t\t\tName Surname\t\t\t\t\t\t\t<\/label>\n\t\t\t\t\t\t\t\t\t\t\t\t\t\t<input size=\"1\" type=\"text\" name=\"form_fields[name]\" id=\"form-field-name\" class=\"elementor-field elementor-size-sm  elementor-field-textual\" placeholder=\"your name and surname\">\n\t\t\t\t\t\t\t\t\t\t\t<\/div>\n\t\t\t\t\t\t\t\t<div class=\"elementor-field-type-email elementor-field-group elementor-column elementor-field-group-email elementor-col-100 elementor-field-required\">\n\t\t\t\t\t\t\t\t\t\t\t\t<label for=\"form-field-email\" class=\"elementor-field-label\">\n\t\t\t\t\t\t\t\tEmail\t\t\t\t\t\t\t<\/label>\n\t\t\t\t\t\t\t\t\t\t\t\t\t\t<input size=\"1\" type=\"email\" name=\"form_fields[email]\" id=\"form-field-email\" class=\"elementor-field elementor-size-sm  elementor-field-textual\" placeholder=\"Email\" required=\"required\">\n\t\t\t\t\t\t\t\t\t\t\t<\/div>\n\t\t\t\t\t\t\t\t<div class=\"elementor-field-type-textarea elementor-field-group elementor-column elementor-field-group-message elementor-col-100\">\n\t\t\t\t\t\t\t\t\t\t\t\t<label for=\"form-field-message\" class=\"elementor-field-label\">\n\t\t\t\t\t\t\t\tYour message\t\t\t\t\t\t\t<\/label>\n\t\t\t\t\t\t<textarea class=\"elementor-field-textual elementor-field  elementor-size-sm\" name=\"form_fields[message]\" id=\"form-field-message\" rows=\"4\" placeholder=\"write your message briefly\"><\/textarea>\t\t\t\t<\/div>\n\t\t\t\t\t\t\t\t<div class=\"elementor-field-group elementor-column elementor-field-type-submit elementor-col-100 e-form__buttons\">\n\t\t\t\t\t<button class=\"elementor-button elementor-size-sm\" type=\"submit\">\n\t\t\t\t\t\t<span class=\"elementor-button-content-wrapper\">\n\t\t\t\t\t\t\t\t\t\t\t\t\t\t\t\t\t\t\t\t\t\t<span class=\"elementor-button-text\">Send<\/span>\n\t\t\t\t\t\t\t\t\t\t\t\t\t<\/span>\n\t\t\t\t\t<\/button>\n\t\t\t\t<\/div>\n\t\t\t<\/div>\n\t\t<input type=\"hidden\" name=\"trp-form-language\" value=\"en\"\/><\/form>\n\t\t\t\t\t\t<\/div>\n\t\t\t\t\t<\/div>\n\t\t<\/div>\n\t\t\t\t\t<\/div>\n\t\t<\/section>\n\t\t\t\t<\/div>","protected":false},"excerpt":{"rendered":"<p>Uzmanl\u0131klar\u0131m\u0131z Denizli\u2019de Toplu Ta\u015f\u0131ma Ak\u0131llan\u0131yor Proje kapsam\u0131nda, Denizli i\u00e7in Ak\u0131ll\u0131 Ula\u015f\u0131m Sistemleri Stratejisi ve Eylem Plan\u0131 ile buna ba\u011fl\u0131 \u00f6nerilen AUS mimarisi\u00a0 haz\u0131rlanm\u0131\u015f ve onaylanabilir bir kurguya kavu\u015fturulmu\u015ftur. Bu \u00e7\u0131kt\u0131 paketi; Mevcut Durum Analizi Raporu ile\u00a0 ba\u015flam\u0131\u015f, ard\u0131ndan AUS Vizyon Raporu ve Kentsel Ula\u015f\u0131m Strateji Raporu \u00fcretilmi\u015ftir. Bu paketin m\u00fchendislik\u00a0 omurgas\u0131n\u0131, ulusal mimariyle uyumlu ve [&hellip;]<\/p>","protected":false},"author":1,"featured_media":0,"parent":10513,"menu_order":0,"comment_status":"closed","ping_status":"closed","template":"","meta":{"footnotes":""},"class_list":["post-10875","page","type-page","status-publish","hentry"],"_links":{"self":[{"href":"https:\/\/euromosmobility.com\/en\/wp-json\/wp\/v2\/pages\/10875","targetHints":{"allow":["GET"]}}],"collection":[{"href":"https:\/\/euromosmobility.com\/en\/wp-json\/wp\/v2\/pages"}],"about":[{"href":"https:\/\/euromosmobility.com\/en\/wp-json\/wp\/v2\/types\/page"}],"author":[{"embeddable":true,"href":"https:\/\/euromosmobility.com\/en\/wp-json\/wp\/v2\/users\/1"}],"replies":[{"embeddable":true,"href":"https:\/\/euromosmobility.com\/en\/wp-json\/wp\/v2\/comments?post=10875"}],"version-history":[{"count":4,"href":"https:\/\/euromosmobility.com\/en\/wp-json\/wp\/v2\/pages\/10875\/revisions"}],"predecessor-version":[{"id":10880,"href":"https:\/\/euromosmobility.com\/en\/wp-json\/wp\/v2\/pages\/10875\/revisions\/10880"}],"up":[{"embeddable":true,"href":"https:\/\/euromosmobility.com\/en\/wp-json\/wp\/v2\/pages\/10513"}],"wp:attachment":[{"href":"https:\/\/euromosmobility.com\/en\/wp-json\/wp\/v2\/media?parent=10875"}],"curies":[{"name":"wp","href":"https:\/\/api.w.org\/{rel}","templated":true}]}}