{"id":10856,"date":"2026-03-20T15:34:23","date_gmt":"2026-03-20T12:34:23","guid":{"rendered":"https:\/\/euromosmobility.com\/?page_id=10856"},"modified":"2026-03-20T18:44:21","modified_gmt":"2026-03-20T15:44:21","slug":"duzce-sustainable-urban-transportation-plan","status":"publish","type":"page","link":"https:\/\/euromosmobility.com\/en\/projects\/duzce-sustainable-urban-transportation-plan\/","title":{"rendered":"Duzce Sustainable Urban Plan"},"content":{"rendered":"<div data-elementor-type=\"wp-page\" data-elementor-id=\"10856\" class=\"elementor elementor-10856\" data-elementor-post-type=\"page\">\n\t\t\t\t<div class=\"elementor-element elementor-element-6bcbe5d9 e-flex e-con-boxed e-con e-parent\" data-id=\"6bcbe5d9\" data-element_type=\"container\" data-e-type=\"container\">\n\t\t\t\t\t<div class=\"e-con-inner\">\n\t\t\t\t<div class=\"elementor-element elementor-element-496cc59e elementor-widget elementor-widget-text-editor\" data-id=\"496cc59e\" data-element_type=\"widget\" data-e-type=\"widget\" data-widget_type=\"text-editor.default\">\n\t\t\t\t\t\t\t\t\t\n<p><a href=\"https:\/\/euromosmobility.com\/en\/projects\/\"><\/a><\/p>\n\t\t\t\t\t\t\t\t<\/div>\n\t\t\t\t\t<\/div>\n\t\t\t\t<\/div>\n\t\t\t\t<section class=\"elementor-section elementor-top-section elementor-element elementor-element-7d1b0422 elementor-reverse-tablet elementor-reverse-mobile elementor-section-boxed elementor-section-height-default elementor-section-height-default\" data-id=\"7d1b0422\" data-element_type=\"section\" data-e-type=\"section\">\n\t\t\t\t\t\t<div class=\"elementor-container elementor-column-gap-default\">\n\t\t\t\t\t<div class=\"elementor-column elementor-col-50 elementor-top-column elementor-element elementor-element-5cf8fe2b\" data-id=\"5cf8fe2b\" data-element_type=\"column\" data-e-type=\"column\">\n\t\t\t<div class=\"elementor-widget-wrap elementor-element-populated\">\n\t\t\t\t\t\t<div class=\"elementor-element elementor-element-27139094 elementor-widget elementor-widget-ld_content_box\" data-id=\"27139094\" data-element_type=\"widget\" data-e-type=\"widget\" data-widget_type=\"ld_content_box.default\">\n\t\t\t\t<div class=\"elementor-widget-container\">\n\t\t\t\t\t\n\t\t<div class=\"lqd-fb pos-rel lqd-fb-style-6 border-radius-4 h-pt-60\" data-lqd-zindex=\"true\">\n\t\t\n\t\t\t<div class=\"lqd-fb-shadow\"><\/div>\n\n\t\t\t<div class=\"flex-wrap d-flex align-items-center lqd-overlay\" data-hover3d=\"true\">\n\n\t\t\t\t<div class=\"lqd-fb-content-wrap lqd-overlay flex-column align-items-end transform-style-3d backface-hidden will-change-transform\" data-stacking-factor=\"0.5\">\n\n\t\t\t\t\t<div class=\"overflow-hidden lqd-fb-img lqd-overlay border-radius-4 backface-hidden\">\n\t\t\t\t\t\t<figure class=\"w-100 h-100\">\n\t\t\t\t\t\t\t<img decoding=\"async\" class=\"w-100 h-100 objfit-cover objfit-center\" src=\"https:\/\/euromosmobility.com\/wp-content\/uploads\/Duzce-Surdurulebilir-Kentsel-Ulasim-Plani.webp\">\t\t\t\t\t\t<\/figure>\n\t\t\t\t\t\t<div class=\"lqd-fb-bg lqd-overlay\"><\/div>\n\t\t\t\t\t\t<div class=\"lqd-fb-hover-overlay lqd-overlay\"><\/div>\n\t\t\t\t\t<\/div>\n\n\t\t\t\t\t<div class=\"p-4 lqd-fb-content d-flex flex-column justify-content-end lqd-overlay backface-hidden\">\n\n\t\t\t\t\t\t<span class=\"mb-5 lqd-fb-icon d-flex\">\n\t\t\t\t\t\t\t<i aria-hidden=\"true\" class=\"lqd-icn-ess icon-lqd-laptop\"><\/i>\t\t\t\t\t\t<\/span>\n\n\t\t\t\t\t\t\t\t\t\t\t\t<h6 class=\"mt-0 mb-3 font-weight-bold\">Our Specialties<\/h6>\n\t\t\t\t\t\t<h2 class=\"lqd-fb__title mt-0 mb-3 font-weight-bold\">Duzce Sustainable Urban Plan<\/h2>\n\t\t\t\t\t<\/div>\n\n\t\t\t\t<\/div>\n\n\t\t\t\t\n\t\t\t<\/div>\n\n\t\t\t\t\t<\/div>\n\t\t\t\t\t\t<\/div>\n\t\t\t\t<\/div>\n\t\t\t\t<div class=\"elementor-element elementor-element-216ef83 elementor-widget elementor-widget-text-editor\" data-id=\"216ef83\" data-element_type=\"widget\" data-e-type=\"widget\" data-widget_type=\"text-editor.default\">\n\t\t\t\t\t\t\t\t\t<p><span style=\"font-weight: 400;\">D\u00fczce Sustainable Urban Transportation Plan (SKUp) is a plan that aims to transform the city's transportation structure into a more sustainable, efficient and people-oriented system. By focusing on different modes of transportation and prioritizing the integration and improvement of these systems, D\u00fczce SDUp aims to develop and improve urban mobility.  This strategic approach aims to provide a higher quality of life for all city dwellers by addressing current transportation issues as well as contributing to the achievement of D\u00fczce's future growth and sustainability goals.\u00a0<\/span><\/p>\n<p><span style=\"font-weight: 400;\">D\u00fczce S\u00fcrd\u00fcr\u00fclebilir Kentsel Ula\u015f\u0131m Plan\u0131 (SKUp), 2040 ufkunda kentin hareketlilik sistemini insan odakl\u0131, d\u00fc\u015f\u00fck\u00a0 karbonlu ve y\u00fcksek g\u00fcvenlikli bir yap\u0131ya d\u00f6n\u00fc\u015ft\u00fcrmek \u00fczere haz\u0131rlanm\u0131\u015ft\u0131r. Plan; ula\u015f\u0131m\u0131 yaln\u0131zca altyap\u0131 konusu\u00a0 olarak de\u011fil, eri\u015filebilirlik, trafik g\u00fcvenli\u011fi, emisyon azalt\u0131m\u0131 ve ya\u015fam kalitesi \u00fczerinden \u00f6l\u00e7\u00fclen bir performans\u00a0 alan\u0131 olarak ele almakta; 5 ana hedef ve 7 yap\u0131 ta\u015f\u0131 ile tek bir stratejik \u00e7er\u00e7evede b\u00fct\u00fcnle\u015ftirmektedir. Bu \u00e7er\u00e7eve,\u00a0 SMART yakla\u015f\u0131m\u0131yla say\u0131sal hedeflere ba\u011flanm\u0131\u015f; eri\u015filebilirlikte %15 art\u0131\u015f, toplu ta\u015f\u0131ma kullan\u0131m\u0131nda %30 art\u0131\u015f,\u00a0 ara\u00e7 kaynakl\u0131 s\u0131k\u0131\u015f\u0131kl\u0131kta %20 azalma, trafik kazalar\u0131 ve can kay\u0131plar\u0131nda %35 azalma, bisiklet pay\u0131nda %2\u2019den\u00a0 %12\u2019ye y\u00fckseli\u015f ve karbon emisyonlar\u0131nda yolcu ta\u015f\u0131mac\u0131l\u0131\u011f\u0131nda %65, lojistikte %35 azalt\u0131m hedefleri\u00a0 tan\u0131mlanm\u0131\u015ft\u0131r.\u00a0\u00a0<\/span><\/p>\n<p><span style=\"font-weight: 400;\">The strategy of the plan is embodied in 8 main projects that produce a net impact on the ground: pedestrianization in the city center, mass parking system around the center, 50 km of separated bicycle lanes, 4 safe crossing points for active transportation, 4 metrobus (BRT) lines integrated with mobility hubs, restructuring of the bus terminal, establishment of \u201cliving center\u201d sub-focuses in University and Bah\u00e7e\u015fehir, and optimization of traffic management-safety on the western main axis. This package suppresses transit traffic in the center; strengthens pedestrian-bicycle continuity in the neighborhoods with a 30 km\/h speed approach and the \u201c15-minute access\u201d principle; and makes public transportation predictable and high-capacity with the metrobus backbone and feeder lines at the city scale. For the sustainability of the implementation, a 15-year implementation structure, a 5-year update cycle and a KPI-based monitoring mechanism have been defined; a Transportation Planning Unit approach has been proposed to strengthen the institutional capacity within the Municipality.\u00a0<\/span><\/p>\t\t\t\t\t\t\t\t<\/div>\n\t\t\t\t<div class=\"elementor-element elementor-element-3175caa5 elementor-widget-divider--view-line elementor-widget elementor-widget-divider\" data-id=\"3175caa5\" data-element_type=\"widget\" data-e-type=\"widget\" data-widget_type=\"divider.default\">\n\t\t\t\t\t\t\t<div class=\"elementor-divider\">\n\t\t\t<span class=\"elementor-divider-separator\">\n\t\t\t\t\t\t<\/span>\n\t\t<\/div>\n\t\t\t\t\t\t<\/div>\n\t\t\t\t\t<\/div>\n\t\t<\/div>\n\t\t\t\t<div class=\"lqd-css-sticky-column elementor-column elementor-col-50 elementor-top-column elementor-element elementor-element-11dd930e\" style=\"--lqd-sticky-offset:10px\" data-id=\"11dd930e\" data-element_type=\"column\" data-e-type=\"column\">\n\t\t\t<div class=\"elementor-widget-wrap elementor-element-populated\">\n\t\t\t\t\t\t<section class=\"elementor-section elementor-inner-section elementor-element elementor-element-3618b8a4 elementor-section-boxed elementor-section-height-default elementor-section-height-default\" data-id=\"3618b8a4\" data-element_type=\"section\" data-e-type=\"section\">\n\t\t\t\t\t\t<div class=\"elementor-container elementor-column-gap-default\">\n\t\t\t\t\t<div class=\"elementor-column elementor-col-100 elementor-inner-column elementor-element elementor-element-12843191\" data-id=\"12843191\" data-element_type=\"column\" data-e-type=\"column\" data-settings=\"{&quot;background_background&quot;:&quot;classic&quot;}\">\n\t\t\t<div class=\"elementor-widget-wrap elementor-element-populated\">\n\t\t\t\t\t\t<div class=\"elementor-element elementor-element-7e9b3960 elementor-widget elementor-widget-hub_fancy_heading\" data-id=\"7e9b3960\" data-element_type=\"widget\" data-e-type=\"widget\" data-widget_type=\"hub_fancy_heading.default\">\n\t\t\t\t<div class=\"elementor-widget-container\">\n\t\t\t\t\t\n\t\t<div id=\"ld-fancy-heading-69d29b6dba2be\" class=\"ld-fancy-heading pos-rel\">\n\t\t\t<h3 class=\"ld-fh-element d-inline-block pos-rel  elementor-heading-title lqd-highlight-classic lqd-highlight-grow-left h3\"  > Contact us<\/h3>\t\t<\/div>\n\n\t\t\t\t\t\t<\/div>\n\t\t\t\t<\/div>\n\t\t\t\t\t<\/div>\n\t\t<\/div>\n\t\t\t\t\t<\/div>\n\t\t<\/section>\n\t\t\t\t<div class=\"elementor-element elementor-element-7bb40d8c elementor-button-align-stretch elementor-widget elementor-widget-form\" data-id=\"7bb40d8c\" data-element_type=\"widget\" data-e-type=\"widget\" data-settings=\"{&quot;step_next_label&quot;:&quot;Next&quot;,&quot;step_previous_label&quot;:&quot;Previous&quot;,&quot;button_width&quot;:&quot;100&quot;,&quot;step_type&quot;:&quot;number_text&quot;,&quot;step_icon_shape&quot;:&quot;circle&quot;}\" data-widget_type=\"form.default\">\n\t\t\t\t\t\t\t<form class=\"elementor-form\" method=\"post\" name=\"New Form\" aria-label=\"New Form\" action=\"\">\n\t\t\t<input type=\"hidden\" name=\"post_id\" value=\"10856\"\/>\n\t\t\t<input type=\"hidden\" name=\"form_id\" value=\"7bb40d8c\"\/>\n\t\t\t<input type=\"hidden\" name=\"referer_title\" value=\"D\u00fczce S\u00fcrd\u00fcr\u00fclebilir Kentsel Plan\u0131 - EuroMos\" \/>\n\n\t\t\t\t\t\t\t<input type=\"hidden\" name=\"queried_id\" value=\"10856\"\/>\n\t\t\t\n\t\t\t<div class=\"elementor-form-fields-wrapper elementor-labels-above\">\n\t\t\t\t\t\t\t\t<div class=\"elementor-field-type-text elementor-field-group elementor-column elementor-field-group-name elementor-col-100\">\n\t\t\t\t\t\t\t\t\t\t\t\t<label for=\"form-field-name\" class=\"elementor-field-label\">\n\t\t\t\t\t\t\t\tName Surname\t\t\t\t\t\t\t<\/label>\n\t\t\t\t\t\t\t\t\t\t\t\t\t\t<input size=\"1\" type=\"text\" name=\"form_fields[name]\" id=\"form-field-name\" class=\"elementor-field elementor-size-sm  elementor-field-textual\" placeholder=\"your name and surname\">\n\t\t\t\t\t\t\t\t\t\t\t<\/div>\n\t\t\t\t\t\t\t\t<div class=\"elementor-field-type-email elementor-field-group elementor-column elementor-field-group-email elementor-col-100 elementor-field-required\">\n\t\t\t\t\t\t\t\t\t\t\t\t<label for=\"form-field-email\" class=\"elementor-field-label\">\n\t\t\t\t\t\t\t\tEmail\t\t\t\t\t\t\t<\/label>\n\t\t\t\t\t\t\t\t\t\t\t\t\t\t<input size=\"1\" type=\"email\" name=\"form_fields[email]\" id=\"form-field-email\" class=\"elementor-field elementor-size-sm  elementor-field-textual\" placeholder=\"Email\" required=\"required\">\n\t\t\t\t\t\t\t\t\t\t\t<\/div>\n\t\t\t\t\t\t\t\t<div class=\"elementor-field-type-textarea elementor-field-group elementor-column elementor-field-group-message elementor-col-100\">\n\t\t\t\t\t\t\t\t\t\t\t\t<label for=\"form-field-message\" class=\"elementor-field-label\">\n\t\t\t\t\t\t\t\tYour message\t\t\t\t\t\t\t<\/label>\n\t\t\t\t\t\t<textarea class=\"elementor-field-textual elementor-field  elementor-size-sm\" name=\"form_fields[message]\" id=\"form-field-message\" rows=\"4\" placeholder=\"write your message briefly\"><\/textarea>\t\t\t\t<\/div>\n\t\t\t\t\t\t\t\t<div class=\"elementor-field-group elementor-column elementor-field-type-submit elementor-col-100 e-form__buttons\">\n\t\t\t\t\t<button class=\"elementor-button elementor-size-sm\" type=\"submit\">\n\t\t\t\t\t\t<span class=\"elementor-button-content-wrapper\">\n\t\t\t\t\t\t\t\t\t\t\t\t\t\t\t\t\t\t\t\t\t\t<span class=\"elementor-button-text\">Send<\/span>\n\t\t\t\t\t\t\t\t\t\t\t\t\t<\/span>\n\t\t\t\t\t<\/button>\n\t\t\t\t<\/div>\n\t\t\t<\/div>\n\t\t<input type=\"hidden\" name=\"trp-form-language\" value=\"en\"\/><\/form>\n\t\t\t\t\t\t<\/div>\n\t\t\t\t\t<\/div>\n\t\t<\/div>\n\t\t\t\t\t<\/div>\n\t\t<\/section>\n\t\t\t\t<\/div>","protected":false},"excerpt":{"rendered":"<p>Uzmanl\u0131klar\u0131m\u0131z D\u00fczce S\u00fcrd\u00fcr\u00fclebilir Kentsel Plan\u0131 D\u00fczce S\u00fcrd\u00fcr\u00fclebilir Kentsel Ula\u015f\u0131m Plan\u0131 (SKUp), kentin ula\u015f\u0131m yap\u0131s\u0131n\u0131 daha s\u00fcrd\u00fcr\u00fclebilir, verimli ve insan odakl\u0131\u00a0 bir sisteme d\u00f6n\u00fc\u015ft\u00fcrmeyi ama\u00e7layan bir pland\u0131r. Farkl\u0131 ula\u015f\u0131m t\u00fcrlerine odaklanarak bu sistemlerin entegrasyonu\u00a0 ve iyile\u015ftirilmesini \u00f6nceliklendiren D\u00fczce SKUp, kentsel hareketlili\u011fi geli\u015ftirmeyi ve iyile\u015ftirmeyi hedeflemektedir.\u00a0 Bu stratejik yakla\u015f\u0131m, mevcut ula\u015f\u0131m sorunlar\u0131n\u0131 ele alman\u0131n yan\u0131 s\u0131ra D\u00fczce\u2019nin [&hellip;]<\/p>","protected":false},"author":1,"featured_media":0,"parent":10513,"menu_order":0,"comment_status":"closed","ping_status":"closed","template":"","meta":{"footnotes":""},"class_list":["post-10856","page","type-page","status-publish","hentry"],"_links":{"self":[{"href":"https:\/\/euromosmobility.com\/en\/wp-json\/wp\/v2\/pages\/10856","targetHints":{"allow":["GET"]}}],"collection":[{"href":"https:\/\/euromosmobility.com\/en\/wp-json\/wp\/v2\/pages"}],"about":[{"href":"https:\/\/euromosmobility.com\/en\/wp-json\/wp\/v2\/types\/page"}],"author":[{"embeddable":true,"href":"https:\/\/euromosmobility.com\/en\/wp-json\/wp\/v2\/users\/1"}],"replies":[{"embeddable":true,"href":"https:\/\/euromosmobility.com\/en\/wp-json\/wp\/v2\/comments?post=10856"}],"version-history":[{"count":9,"href":"https:\/\/euromosmobility.com\/en\/wp-json\/wp\/v2\/pages\/10856\/revisions"}],"predecessor-version":[{"id":10913,"href":"https:\/\/euromosmobility.com\/en\/wp-json\/wp\/v2\/pages\/10856\/revisions\/10913"}],"up":[{"embeddable":true,"href":"https:\/\/euromosmobility.com\/en\/wp-json\/wp\/v2\/pages\/10513"}],"wp:attachment":[{"href":"https:\/\/euromosmobility.com\/en\/wp-json\/wp\/v2\/media?parent=10856"}],"curies":[{"name":"wp","href":"https:\/\/api.w.org\/{rel}","templated":true}]}}