{"id":10529,"date":"2025-08-25T23:35:57","date_gmt":"2025-08-25T20:35:57","guid":{"rendered":"https:\/\/euromosmobility.com\/?page_id=10529"},"modified":"2026-03-20T19:05:41","modified_gmt":"2026-03-20T16:05:41","slug":"our-experts","status":"publish","type":"page","link":"https:\/\/euromosmobility.com\/en\/our-experts\/","title":{"rendered":"Our Experts"},"content":{"rendered":"<div data-elementor-type=\"wp-page\" data-elementor-id=\"10529\" class=\"elementor elementor-10529\" data-elementor-post-type=\"page\">\n\t\t\t\t<div class=\"elementor-element elementor-element-1ea3e04 e-flex e-con-boxed e-con e-parent\" data-id=\"1ea3e04\" data-element_type=\"container\" data-e-type=\"container\">\n\t\t\t\t\t<div class=\"e-con-inner\">\n\t\t\t\t<div class=\"elementor-element elementor-element-9bf1337 elementor-widget elementor-widget-hub_fancy_heading\" data-id=\"9bf1337\" data-element_type=\"widget\" data-e-type=\"widget\" data-widget_type=\"hub_fancy_heading.default\">\n\t\t\t\t<div class=\"elementor-widget-container\">\n\t\t\t\t\t\n\t\t<div id=\"ld-fancy-heading-69d29b6db3bdd\" class=\"ld-fancy-heading pos-rel\">\n\t\t\t<h4 class=\"ld-fh-element d-inline-block pos-rel  elementor-heading-title lqd-highlight-classic lqd-highlight-grow-left h4\"  > Board of Directors<\/h4>\t\t<\/div>\n\n\t\t\t\t\t\t<\/div>\n\t\t\t\t<\/div>\n\t\t\t\t\t<\/div>\n\t\t\t\t<\/div>\n\t\t<div class=\"elementor-element elementor-element-473df02 e-grid e-con-boxed e-con e-parent\" data-id=\"473df02\" data-element_type=\"container\" data-e-type=\"container\">\n\t\t\t\t\t<div class=\"e-con-inner\">\n\t\t\t\t<div class=\"elementor-element elementor-element-853fb5b elementor-widget elementor-widget-ld_team_member\" data-id=\"853fb5b\" data-element_type=\"widget\" data-e-type=\"widget\" data-widget_type=\"ld_team_member.default\">\n\t\t\t\t<div class=\"elementor-widget-container\">\n\t\t\t\t\t\n\t\t<div class=\"lqd-tm pos-rel lqd-tm-style-3 border-radius-4 overflow-hidden text-center\">\n\n\t\t\t\t\t\t\t\t<div class=\"lqd-tm-img pos-rel\">\n\t\t\t\t\t\t<figure>\n\t\t\t\t\t\t\t<img fetchpriority=\"high\" decoding=\"async\" width=\"722\" height=\"942\" src=\"https:\/\/euromosmobility.com\/wp-content\/uploads\/Iskender-Cem-LEBLEBICI.webp\" class=\"w-100\" alt=\"\u0130skender Cem LEBLEB\u0130C\u0130\" srcset=\"https:\/\/euromosmobility.com\/wp-content\/uploads\/Iskender-Cem-LEBLEBICI.webp 722w, https:\/\/euromosmobility.com\/wp-content\/uploads\/Iskender-Cem-LEBLEBICI-230x300.webp 230w, https:\/\/euromosmobility.com\/wp-content\/uploads\/Iskender-Cem-LEBLEBICI-115x150.webp 115w\" sizes=\"(max-width: 722px) 100vw, 722px\" itemprop=\"image\" \/>\t\t\t\t\t\t<\/figure>\n\t\t\t\t\t\t<div class=\"lqd-tm-socials lqd-overlay d-flex align-items-center justify-content-center\">\n\t\t\t\t\t\t\t \n\t\t\t\t\t\t\t<ul class=\"social-icon social-icon-vertical pos-rel z-index-3\">\n\t\t\t\t\t\t\t\t\t\t\t\t\t\t\t<li class=\"elementor-repeater-item-1d82f7a\">\n\t\t\t\t\t\t\t\t\t<a href=\"tel:+90%20555%20623%2090%2040\">\n\t\t\t\t\t\t\t\t\t<i class=\"fas fa-phone-alt\"><\/i><\/a>\n\t\t\t\t\t\t\t\t<\/li>\n\t\t\t\t\t\t\t\t\t\t\t\t\t\t\t<li class=\"elementor-repeater-item-ab0a12f\">\n\t\t\t\t\t\t\t\t\t<a href=\"mailto:iskender.leblebici@euromosmobility.com.tr\">\n\t\t\t\t\t\t\t\t\t<i class=\"fas fa-mail-bulk\"><\/i><\/a>\n\t\t\t\t\t\t\t\t<\/li>\n\t\t\t\t\t\t\t\t\t\t\t\t\t\t<\/ul>\n\t\t\t\t\t\t\t\t\t\t\t\t\t<\/div>\n\t\t\t\t\t<\/div>\n\n\t\t\t\t\t<div\n\t\t\t\t\t\tclass=\"lqd-tm-details p-4 pos-rel\"\n\t\t\t\t\t\tdata-custom-animations=\"true\"\n\t\t\t\t\t\tdata-ca-options='{ \"triggerHandler\": \"inview\", \"animationTarget\": \"h3,h6\", \"duration\": 1200, \"delay\": 120,  \"startDelay\": 500, \"direction\": \"backward\", \"initValues\": { \"translateY\": -30, \"opacity\": 0 }, \"animations\": { \"translateY\": 0, \"opacity\": 1 } }'\n\t\t\t\t\t>\n\n\t\t\t\t\t\t<div class=\"lqd-tm-bg lqd-overlay\" data-reveal=\"true\" data-reveal-options='{ \"direction\": \"tb\", \"bgcolor\": \"rgba(0,0,0,0.1)\", \"duration\": 400 }'><\/div>\n\n\t\t\t\t\t\t<h3 class=\"mt-0 mb-2\">\u0130skender Cem LEBLEB\u0130C\u0130<\/h3>\n\t\t\t\t\t\t<h6 class=\"mt-0 mb-0\">Chairman of the Board of Directors<\/h6>\n\n\t\t\t\t\t<\/div>\n\t\t\t\t\t\t\t\t\t\n\t\t<\/div>\n\n\t\t\t\t\t\t<\/div>\n\t\t\t\t<\/div>\n\t\t\t\t<div class=\"elementor-element elementor-element-93a7d85 elementor-widget elementor-widget-ld_team_member\" data-id=\"93a7d85\" data-element_type=\"widget\" data-e-type=\"widget\" data-widget_type=\"ld_team_member.default\">\n\t\t\t\t<div class=\"elementor-widget-container\">\n\t\t\t\t\t\n\t\t<div class=\"lqd-tm pos-rel lqd-tm-style-3 border-radius-4 overflow-hidden text-center\">\n\n\t\t\t\t\t\t\t\t<div class=\"lqd-tm-img pos-rel\">\n\t\t\t\t\t\t<figure>\n\t\t\t\t\t\t\t<img decoding=\"async\" width=\"722\" height=\"942\" src=\"data:image\/svg+xml;charset=utf-8,%3Csvg xmlns%3D&#039;http%3A%2F%2Fwww.w3.org%2F2000%2Fsvg&#039; viewBox%3D&#039;0 0  &#039;%2F%3E\" class=\"w-100 ld-lazyload\" alt=\"Volkan Recai \u00c7ET\u0130N, Ph.D\" itemprop=\"image\" data-src=\"https:\/\/euromosmobility.com\/wp-content\/uploads\/volkan.webp\" data-srcset=\"https:\/\/euromosmobility.com\/wp-content\/uploads\/volkan.webp 722w, https:\/\/euromosmobility.com\/wp-content\/uploads\/volkan-230x300.webp 230w, https:\/\/euromosmobility.com\/wp-content\/uploads\/volkan-115x150.webp 115w\" data-sizes=\"(max-width: 722px) 100vw, 722px\" data-aspect=\"\" \/>\t\t\t\t\t\t<\/figure>\n\t\t\t\t\t\t<div class=\"lqd-tm-socials lqd-overlay d-flex align-items-center justify-content-center\">\n\t\t\t\t\t\t\t \n\t\t\t\t\t\t\t<ul class=\"social-icon social-icon-vertical pos-rel z-index-3\">\n\t\t\t\t\t\t\t\t\t\t\t\t\t\t\t<li class=\"elementor-repeater-item-1d82f7a\">\n\t\t\t\t\t\t\t\t\t<a href=\"tel:+90%20533%20366%2021%2090\">\n\t\t\t\t\t\t\t\t\t<i class=\"fas fa-phone-alt\"><\/i><\/a>\n\t\t\t\t\t\t\t\t<\/li>\n\t\t\t\t\t\t\t\t\t\t\t\t\t\t\t<li class=\"elementor-repeater-item-ab0a12f\">\n\t\t\t\t\t\t\t\t\t<a href=\"mailto:volkan.cetin@euromosmobility.com.tr\">\n\t\t\t\t\t\t\t\t\t<i class=\"fas fa-mail-bulk\"><\/i><\/a>\n\t\t\t\t\t\t\t\t<\/li>\n\t\t\t\t\t\t\t\t\t\t\t\t\t\t<\/ul>\n\t\t\t\t\t\t\t\t\t\t\t\t\t<\/div>\n\t\t\t\t\t<\/div>\n\n\t\t\t\t\t<div\n\t\t\t\t\t\tclass=\"lqd-tm-details p-4 pos-rel\"\n\t\t\t\t\t\tdata-custom-animations=\"true\"\n\t\t\t\t\t\tdata-ca-options='{ \"triggerHandler\": \"inview\", \"animationTarget\": \"h3,h6\", \"duration\": 1200, \"delay\": 120,  \"startDelay\": 500, \"direction\": \"backward\", \"initValues\": { \"translateY\": -30, \"opacity\": 0 }, \"animations\": { \"translateY\": 0, \"opacity\": 1 } }'\n\t\t\t\t\t>\n\n\t\t\t\t\t\t<div class=\"lqd-tm-bg lqd-overlay\" data-reveal=\"true\" data-reveal-options='{ \"direction\": \"tb\", \"bgcolor\": \"rgba(0,0,0,0.1)\", \"duration\": 400 }'><\/div>\n\n\t\t\t\t\t\t<h3 class=\"mt-0 mb-2\">Volkan Recai \u00c7ET\u0130N, Ph.D<\/h3>\n\t\t\t\t\t\t<h6 class=\"mt-0 mb-0\">Board Member<\/h6>\n\n\t\t\t\t\t<\/div>\n\t\t\t\t\t\t\t\t\t\n\t\t<\/div>\n\n\t\t\t\t\t\t<\/div>\n\t\t\t\t<\/div>\n\t\t\t\t<div class=\"elementor-element elementor-element-9bc2ad2 elementor-widget elementor-widget-ld_team_member\" data-id=\"9bc2ad2\" data-element_type=\"widget\" data-e-type=\"widget\" data-widget_type=\"ld_team_member.default\">\n\t\t\t\t<div class=\"elementor-widget-container\">\n\t\t\t\t\t\n\t\t<div class=\"lqd-tm pos-rel lqd-tm-style-3 border-radius-4 overflow-hidden text-center\">\n\n\t\t\t\t\t\t\t\t<div class=\"lqd-tm-img pos-rel\">\n\t\t\t\t\t\t<figure>\n\t\t\t\t\t\t\t<img decoding=\"async\" width=\"722\" height=\"942\" src=\"data:image\/svg+xml;charset=utf-8,%3Csvg xmlns%3D&#039;http%3A%2F%2Fwww.w3.org%2F2000%2Fsvg&#039; viewBox%3D&#039;0 0  &#039;%2F%3E\" class=\"w-100 ld-lazyload\" alt=\"Bas &lt;br&gt;GOVERS\" itemprop=\"image\" data-src=\"https:\/\/euromosmobility.com\/wp-content\/uploads\/Bas-Govers_website.webp\" data-srcset=\"https:\/\/euromosmobility.com\/wp-content\/uploads\/Bas-Govers_website.webp 722w, https:\/\/euromosmobility.com\/wp-content\/uploads\/Bas-Govers_website-230x300.webp 230w, https:\/\/euromosmobility.com\/wp-content\/uploads\/Bas-Govers_website-115x150.webp 115w\" data-sizes=\"(max-width: 722px) 100vw, 722px\" data-aspect=\"\" \/>\t\t\t\t\t\t<\/figure>\n\t\t\t\t\t\t<div class=\"lqd-tm-socials lqd-overlay d-flex align-items-center justify-content-center\">\n\t\t\t\t\t\t\t \n\t\t\t\t\t\t\t<ul class=\"social-icon social-icon-vertical pos-rel z-index-3\">\n\t\t\t\t\t\t\t\t\t\t\t\t\t\t\t<li class=\"elementor-repeater-item-1d82f7a\">\n\t\t\t\t\t\t\t\t\t<a href=\"tel:+31%206%2051%2040%2020%2081\">\n\t\t\t\t\t\t\t\t\t<i class=\"fas fa-phone-alt\"><\/i><\/a>\n\t\t\t\t\t\t\t\t<\/li>\n\t\t\t\t\t\t\t\t\t\t\t\t\t\t\t<li class=\"elementor-repeater-item-ab0a12f\">\n\t\t\t\t\t\t\t\t\t<a href=\"mailto:bas.govers@euromosmobility.com.tr\">\n\t\t\t\t\t\t\t\t\t<i class=\"fas fa-mail-bulk\"><\/i><\/a>\n\t\t\t\t\t\t\t\t<\/li>\n\t\t\t\t\t\t\t\t\t\t\t\t\t\t<\/ul>\n\t\t\t\t\t\t\t\t\t\t\t\t\t<\/div>\n\t\t\t\t\t<\/div>\n\n\t\t\t\t\t<div\n\t\t\t\t\t\tclass=\"lqd-tm-details p-4 pos-rel\"\n\t\t\t\t\t\tdata-custom-animations=\"true\"\n\t\t\t\t\t\tdata-ca-options='{ \"triggerHandler\": \"inview\", \"animationTarget\": \"h3,h6\", \"duration\": 1200, \"delay\": 120,  \"startDelay\": 500, \"direction\": \"backward\", \"initValues\": { \"translateY\": -30, \"opacity\": 0 }, \"animations\": { \"translateY\": 0, \"opacity\": 1 } }'\n\t\t\t\t\t>\n\n\t\t\t\t\t\t<div class=\"lqd-tm-bg lqd-overlay\" data-reveal=\"true\" data-reveal-options='{ \"direction\": \"tb\", \"bgcolor\": \"rgba(0,0,0,0.1)\", \"duration\": 400 }'><\/div>\n\n\t\t\t\t\t\t<h3 class=\"mt-0 mb-2\">Bas <br>GOVERS<\/h3>\n\t\t\t\t\t\t<h6 class=\"mt-0 mb-0\">Board Member<\/h6>\n\n\t\t\t\t\t<\/div>\n\t\t\t\t\t\t\t\t\t\n\t\t<\/div>\n\n\t\t\t\t\t\t<\/div>\n\t\t\t\t<\/div>\n\t\t\t\t<div class=\"elementor-element elementor-element-43cb621 elementor-widget elementor-widget-ld_team_member\" data-id=\"43cb621\" data-element_type=\"widget\" data-e-type=\"widget\" data-widget_type=\"ld_team_member.default\">\n\t\t\t\t<div class=\"elementor-widget-container\">\n\t\t\t\t\t\n\t\t<div class=\"lqd-tm pos-rel lqd-tm-style-3 border-radius-4 overflow-hidden text-center\">\n\n\t\t\t\t\t\t\t\t<div class=\"lqd-tm-img pos-rel\">\n\t\t\t\t\t\t<figure>\n\t\t\t\t\t\t\t<img loading=\"lazy\" decoding=\"async\" width=\"722\" height=\"942\" src=\"data:image\/svg+xml;charset=utf-8,%3Csvg xmlns%3D&#039;http%3A%2F%2Fwww.w3.org%2F2000%2Fsvg&#039; viewBox%3D&#039;0 0  &#039;%2F%3E\" class=\"w-100 ld-lazyload\" alt=\"Gerwin de BOER\" itemprop=\"image\" data-src=\"https:\/\/euromosmobility.com\/wp-content\/uploads\/Gerwin-de-Boer_website.webp\" data-srcset=\"https:\/\/euromosmobility.com\/wp-content\/uploads\/Gerwin-de-Boer_website.webp 722w, https:\/\/euromosmobility.com\/wp-content\/uploads\/Gerwin-de-Boer_website-230x300.webp 230w, https:\/\/euromosmobility.com\/wp-content\/uploads\/Gerwin-de-Boer_website-115x150.webp 115w\" data-sizes=\"(max-width: 722px) 100vw, 722px\" data-aspect=\"\" \/>\t\t\t\t\t\t<\/figure>\n\t\t\t\t\t\t<div class=\"lqd-tm-socials lqd-overlay d-flex align-items-center justify-content-center\">\n\t\t\t\t\t\t\t \n\t\t\t\t\t\t\t<ul class=\"social-icon social-icon-vertical pos-rel z-index-3\">\n\t\t\t\t\t\t\t\t\t\t\t\t\t\t\t<li class=\"elementor-repeater-item-1d82f7a\">\n\t\t\t\t\t\t\t\t\t<a href=\"tel:+31%206%2050%2086%2021%2030\">\n\t\t\t\t\t\t\t\t\t<i class=\"fas fa-phone-alt\"><\/i><\/a>\n\t\t\t\t\t\t\t\t<\/li>\n\t\t\t\t\t\t\t\t\t\t\t\t\t\t\t<li class=\"elementor-repeater-item-ab0a12f\">\n\t\t\t\t\t\t\t\t\t<a href=\"mailto:gerwind.boer@euromosmobility.com.tr\">\n\t\t\t\t\t\t\t\t\t<i class=\"fas fa-mail-bulk\"><\/i><\/a>\n\t\t\t\t\t\t\t\t<\/li>\n\t\t\t\t\t\t\t\t\t\t\t\t\t\t<\/ul>\n\t\t\t\t\t\t\t\t\t\t\t\t\t<\/div>\n\t\t\t\t\t<\/div>\n\n\t\t\t\t\t<div\n\t\t\t\t\t\tclass=\"lqd-tm-details p-4 pos-rel\"\n\t\t\t\t\t\tdata-custom-animations=\"true\"\n\t\t\t\t\t\tdata-ca-options='{ \"triggerHandler\": \"inview\", \"animationTarget\": \"h3,h6\", \"duration\": 1200, \"delay\": 120,  \"startDelay\": 500, \"direction\": \"backward\", \"initValues\": { \"translateY\": -30, \"opacity\": 0 }, \"animations\": { \"translateY\": 0, \"opacity\": 1 } }'\n\t\t\t\t\t>\n\n\t\t\t\t\t\t<div class=\"lqd-tm-bg lqd-overlay\" data-reveal=\"true\" data-reveal-options='{ \"direction\": \"tb\", \"bgcolor\": \"rgba(0,0,0,0.1)\", \"duration\": 400 }'><\/div>\n\n\t\t\t\t\t\t<h3 class=\"mt-0 mb-2\">Gerwin de BOER<\/h3>\n\t\t\t\t\t\t<h6 class=\"mt-0 mb-0\">Board Member<\/h6>\n\n\t\t\t\t\t<\/div>\n\t\t\t\t\t\t\t\t\t\n\t\t<\/div>\n\n\t\t\t\t\t\t<\/div>\n\t\t\t\t<\/div>\n\t\t\t\t<div class=\"elementor-element elementor-element-c8adc0c elementor-widget elementor-widget-ld_team_member\" data-id=\"c8adc0c\" data-element_type=\"widget\" data-e-type=\"widget\" data-widget_type=\"ld_team_member.default\">\n\t\t\t\t<div class=\"elementor-widget-container\">\n\t\t\t\t\t\n\t\t<div class=\"lqd-tm pos-rel lqd-tm-style-3 border-radius-4 overflow-hidden text-center\">\n\n\t\t\t\t\t\t\t\t<div class=\"lqd-tm-img pos-rel\">\n\t\t\t\t\t\t<figure>\n\t\t\t\t\t\t\t<img loading=\"lazy\" decoding=\"async\" width=\"722\" height=\"942\" src=\"data:image\/svg+xml;charset=utf-8,%3Csvg xmlns%3D&#039;http%3A%2F%2Fwww.w3.org%2F2000%2Fsvg&#039; viewBox%3D&#039;0 0  &#039;%2F%3E\" class=\"w-100 ld-lazyload\" alt=\"Veysel &lt;br&gt;WRAPPER\" itemprop=\"image\" data-src=\"https:\/\/euromosmobility.com\/wp-content\/uploads\/veyselv2.webp\" data-srcset=\"https:\/\/euromosmobility.com\/wp-content\/uploads\/veyselv2.webp 722w, https:\/\/euromosmobility.com\/wp-content\/uploads\/veyselv2-230x300.webp 230w, https:\/\/euromosmobility.com\/wp-content\/uploads\/veyselv2-115x150.webp 115w\" data-sizes=\"(max-width: 722px) 100vw, 722px\" data-aspect=\"\" \/>\t\t\t\t\t\t<\/figure>\n\t\t\t\t\t\t<div class=\"lqd-tm-socials lqd-overlay d-flex align-items-center justify-content-center\">\n\t\t\t\t\t\t\t \n\t\t\t\t\t\t\t<ul class=\"social-icon social-icon-vertical pos-rel z-index-3\">\n\t\t\t\t\t\t\t\t\t\t\t\t\t\t\t<li class=\"elementor-repeater-item-1d82f7a\">\n\t\t\t\t\t\t\t\t\t<a href=\"tel:+31%206%2050%2086%2021%2030\">\n\t\t\t\t\t\t\t\t\t<i class=\"fas fa-phone-alt\"><\/i><\/a>\n\t\t\t\t\t\t\t\t<\/li>\n\t\t\t\t\t\t\t\t\t\t\t\t\t\t\t<li class=\"elementor-repeater-item-ab0a12f\">\n\t\t\t\t\t\t\t\t\t<a href=\"mailto:gerwind.boer@euromosmobility.com.tr\">\n\t\t\t\t\t\t\t\t\t<i class=\"fas fa-mail-bulk\"><\/i><\/a>\n\t\t\t\t\t\t\t\t<\/li>\n\t\t\t\t\t\t\t\t\t\t\t\t\t\t<\/ul>\n\t\t\t\t\t\t\t\t\t\t\t\t\t<\/div>\n\t\t\t\t\t<\/div>\n\n\t\t\t\t\t<div\n\t\t\t\t\t\tclass=\"lqd-tm-details p-4 pos-rel\"\n\t\t\t\t\t\tdata-custom-animations=\"true\"\n\t\t\t\t\t\tdata-ca-options='{ \"triggerHandler\": \"inview\", \"animationTarget\": \"h3,h6\", \"duration\": 1200, \"delay\": 120,  \"startDelay\": 500, \"direction\": \"backward\", \"initValues\": { \"translateY\": -30, \"opacity\": 0 }, \"animations\": { \"translateY\": 0, \"opacity\": 1 } }'\n\t\t\t\t\t>\n\n\t\t\t\t\t\t<div class=\"lqd-tm-bg lqd-overlay\" data-reveal=\"true\" data-reveal-options='{ \"direction\": \"tb\", \"bgcolor\": \"rgba(0,0,0,0.1)\", \"duration\": 400 }'><\/div>\n\n\t\t\t\t\t\t<h3 class=\"mt-0 mb-2\">Veysel <br>WRAPPER<\/h3>\n\t\t\t\t\t\t<h6 class=\"mt-0 mb-0\">General <br>Director<\/h6>\n\n\t\t\t\t\t<\/div>\n\t\t\t\t\t\t\t\t\t\n\t\t<\/div>\n\n\t\t\t\t\t\t<\/div>\n\t\t\t\t<\/div>\n\t\t\t\t\t<\/div>\n\t\t\t\t<\/div>\n\t\t\t\t<\/div>","protected":false},"excerpt":{"rendered":"<p>Y\u00f6netim Kurulumuz \u0130skender Cem LEBLEB\u0130C\u0130 Y\u00f6netim Kurulu Ba\u015fkan\u0131 Volkan Recai \u00c7ET\u0130N, Ph.D Y\u00f6netim Kurulu \u00dcyesi Bas GOVERS Y\u00f6netim Kurulu \u00dcyesi Gerwin de BOER Y\u00f6netim Kurulu \u00dcyesi Veysel SARICI Genel M\u00fcd\u00fcr<\/p>","protected":false},"author":1,"featured_media":0,"parent":0,"menu_order":0,"comment_status":"closed","ping_status":"closed","template":"","meta":{"footnotes":""},"class_list":["post-10529","page","type-page","status-publish","hentry"],"_links":{"self":[{"href":"https:\/\/euromosmobility.com\/en\/wp-json\/wp\/v2\/pages\/10529","targetHints":{"allow":["GET"]}}],"collection":[{"href":"https:\/\/euromosmobility.com\/en\/wp-json\/wp\/v2\/pages"}],"about":[{"href":"https:\/\/euromosmobility.com\/en\/wp-json\/wp\/v2\/types\/page"}],"author":[{"embeddable":true,"href":"https:\/\/euromosmobility.com\/en\/wp-json\/wp\/v2\/users\/1"}],"replies":[{"embeddable":true,"href":"https:\/\/euromosmobility.com\/en\/wp-json\/wp\/v2\/comments?post=10529"}],"version-history":[{"count":20,"href":"https:\/\/euromosmobility.com\/en\/wp-json\/wp\/v2\/pages\/10529\/revisions"}],"predecessor-version":[{"id":10958,"href":"https:\/\/euromosmobility.com\/en\/wp-json\/wp\/v2\/pages\/10529\/revisions\/10958"}],"wp:attachment":[{"href":"https:\/\/euromosmobility.com\/en\/wp-json\/wp\/v2\/media?parent=10529"}],"curies":[{"name":"wp","href":"https:\/\/api.w.org\/{rel}","templated":true}]}}