{"id":10513,"date":"2025-08-25T23:22:11","date_gmt":"2025-08-25T20:22:11","guid":{"rendered":"https:\/\/euromosmobility.com\/?page_id=10513"},"modified":"2026-03-20T18:58:17","modified_gmt":"2026-03-20T15:58:17","slug":"projects","status":"publish","type":"page","link":"https:\/\/euromosmobility.com\/en\/projects\/","title":{"rendered":"Projects"},"content":{"rendered":"<div data-elementor-type=\"wp-page\" data-elementor-id=\"10513\" class=\"elementor elementor-10513\" data-elementor-post-type=\"page\">\n\t\t\t\t<div class=\"elementor-element elementor-element-298e5b54 e-flex e-con-boxed e-con e-parent\" data-id=\"298e5b54\" data-element_type=\"container\" data-e-type=\"container\">\n\t\t\t\t\t<div class=\"e-con-inner\">\n\t\t<div data-custom-animations=\"true\" data-ca-options=\"{&quot;addChildTimelines&quot;:false,&quot;trigger&quot;:&quot;firstChild&quot;,&quot;animationTarget&quot;:&quot;:scope  &gt; .e-con&quot;,&quot;duration&quot;:1000,&quot;delay&quot;:100,&quot;ease&quot;:&quot;expo.out&quot;,&quot;initValues&quot;:{&quot;y&quot;:&quot;30px&quot;,&quot;scaleX&quot;:0.90000000000000002220446049250313080847263336181640625,&quot;scaleY&quot;:0.90000000000000002220446049250313080847263336181640625,&quot;opacity&quot;:0,&quot;transformOrigin&quot;:&quot;50% 50% 0px&quot;},&quot;animations&quot;:{&quot;y&quot;:&quot;0px&quot;,&quot;scaleX&quot;:1,&quot;scaleY&quot;:1,&quot;opacity&quot;:1,&quot;transformOrigin&quot;:&quot;50% 50% 0px&quot;}}\" class=\"elementor-element elementor-element-4c453c68 e-con-full e-flex e-con e-child\" data-id=\"4c453c68\" data-element_type=\"container\" data-e-type=\"container\">\n\t\t<div class=\"elementor-element elementor-element-262b87c7 e-con-full e-flex e-con e-child\" data-id=\"262b87c7\" data-element_type=\"container\" data-e-type=\"container\" data-settings=\"{&quot;background_background&quot;:&quot;classic&quot;}\">\n\t\t<div class=\"elementor-element elementor-element-176e13f4 e-flex e-con-boxed e-con e-child\" data-id=\"176e13f4\" data-element_type=\"container\" data-e-type=\"container\" data-settings=\"{&quot;background_background&quot;:&quot;classic&quot;}\">\n\t\t\t\t\t<div class=\"e-con-inner\">\n\t\t\t\t\t<\/div>\n\t\t\t\t<\/div>\n\t\t\t\t<div class=\"elementor-element elementor-element-19b58d2d elementor-widget elementor-widget-hub_fancy_heading\" data-id=\"19b58d2d\" data-element_type=\"widget\" data-e-type=\"widget\" data-widget_type=\"hub_fancy_heading.default\">\n\t\t\t\t<div class=\"elementor-widget-container\">\n\t\t\t\t\t\n\t\t<div id=\"ld-fancy-heading-69d29cd7598da\" class=\"ld-fancy-heading pos-rel\">\n\t\t\t<h5 class=\"ld-fh-element d-inline-block pos-rel  elementor-heading-title lqd-highlight-classic lqd-highlight-grow-left h5\" ><a href=\"https:\/\/euromosmobility.com\/en\/projects\/duzce-sustainable-urban-transportation-plan\/\" > Duzce Sustainable Urban Plan<\/a><\/h5>\t\t<\/div>\n\n\t\t\t\t\t\t<\/div>\n\t\t\t\t<\/div>\n\t\t\t\t<div class=\"elementor-element elementor-element-3841f188 elementor-widget__width-inherit elementor-widget elementor-widget-ld_overlay_link lqd-overlay\" data-id=\"3841f188\" data-element_type=\"widget\" data-e-type=\"widget\" data-widget_type=\"ld_overlay_link.default\">\n\t\t\t\t<div class=\"elementor-widget-container\">\n\t\t\t\t\t\n\t\t\t<a href=\"https:\/\/euromosmobility.com\/en\/projects\/duzce-sustainable-urban-transportation-plan\/\"class=\"d-block lqd-overlay z-index-3\">\n\t\t\t\t\t\t\t\t\t<span class=\"lqd-extra-cursor pos-fix d-inline-flex align-items-center justify-content-center p-2 pointer-events-none\">\n\t\t\t\t\t\t\t\t\t\t\t<\/span>\n\t\t\t\t\t\t\t<\/a>\n\n\t\t\t\t\t\t<\/div>\n\t\t\t\t<\/div>\n\t\t\t\t<\/div>\n\t\t<div class=\"elementor-element elementor-element-3e30eb47 e-con-full e-flex e-con e-child\" data-id=\"3e30eb47\" data-element_type=\"container\" data-e-type=\"container\" data-settings=\"{&quot;background_background&quot;:&quot;classic&quot;}\">\n\t\t<div class=\"elementor-element elementor-element-26be4839 e-flex e-con-boxed e-con e-child\" data-id=\"26be4839\" data-element_type=\"container\" data-e-type=\"container\" data-settings=\"{&quot;background_background&quot;:&quot;classic&quot;}\">\n\t\t\t\t\t<div class=\"e-con-inner\">\n\t\t\t\t\t<\/div>\n\t\t\t\t<\/div>\n\t\t\t\t<div class=\"elementor-element elementor-element-1153b832 elementor-widget elementor-widget-hub_fancy_heading\" data-id=\"1153b832\" data-element_type=\"widget\" data-e-type=\"widget\" data-widget_type=\"hub_fancy_heading.default\">\n\t\t\t\t<div class=\"elementor-widget-container\">\n\t\t\t\t\t\n\t\t<div id=\"ld-fancy-heading-69d29cd75b04c\" class=\"ld-fancy-heading pos-rel\">\n\t\t\t<h5 class=\"ld-fh-element d-inline-block pos-rel  elementor-heading-title lqd-highlight-classic lqd-highlight-grow-left h5\"  > Public Transportation is Getting Smarter in Denizli<\/h5>\t\t<\/div>\n\n\t\t\t\t\t\t<\/div>\n\t\t\t\t<\/div>\n\t\t\t\t<div class=\"elementor-element elementor-element-72194bc9 elementor-widget__width-inherit elementor-widget elementor-widget-ld_overlay_link lqd-overlay\" data-id=\"72194bc9\" data-element_type=\"widget\" data-e-type=\"widget\" data-widget_type=\"ld_overlay_link.default\">\n\t\t\t\t<div class=\"elementor-widget-container\">\n\t\t\t\t\t\n\t\t\t<a href=\"https:\/\/euromosmobility.com\/en\/projects\/public-transport-is-getting-smarter-in-denizli\/\"class=\"d-block lqd-overlay z-index-3\">\n\t\t\t\t\t\t\t\t\t<span class=\"lqd-extra-cursor pos-fix d-inline-flex align-items-center justify-content-center p-2 pointer-events-none\">\n\t\t\t\t\t\t\t\t\t\t\t<\/span>\n\t\t\t\t\t\t\t<\/a>\n\n\t\t\t\t\t\t<\/div>\n\t\t\t\t<\/div>\n\t\t\t\t<\/div>\n\t\t<div class=\"elementor-element elementor-element-72ac8d21 e-con-full e-flex e-con e-child\" data-id=\"72ac8d21\" data-element_type=\"container\" data-e-type=\"container\" data-settings=\"{&quot;background_background&quot;:&quot;classic&quot;}\">\n\t\t<div class=\"elementor-element elementor-element-354c06f9 e-flex e-con-boxed e-con e-child\" data-id=\"354c06f9\" data-element_type=\"container\" data-e-type=\"container\" data-settings=\"{&quot;background_background&quot;:&quot;classic&quot;}\">\n\t\t\t\t\t<div class=\"e-con-inner\">\n\t\t\t\t\t<\/div>\n\t\t\t\t<\/div>\n\t\t\t\t<div class=\"elementor-element elementor-element-146ff603 elementor-widget elementor-widget-hub_fancy_heading\" data-id=\"146ff603\" data-element_type=\"widget\" data-e-type=\"widget\" data-widget_type=\"hub_fancy_heading.default\">\n\t\t\t\t<div class=\"elementor-widget-container\">\n\t\t\t\t\t\n\t\t<div id=\"ld-fancy-heading-69d29cd75bf29\" class=\"ld-fancy-heading pos-rel\">\n\t\t\t<h5 class=\"ld-fh-element d-inline-block pos-rel  elementor-heading-title lqd-highlight-classic lqd-highlight-grow-left h5\"  > European Union Support for Sustainable Urban Mobility in Cities Project - Turkey SKUP <\/h5>\t\t<\/div>\n\n\t\t\t\t\t\t<\/div>\n\t\t\t\t<\/div>\n\t\t\t\t<div class=\"elementor-element elementor-element-59fe2e71 elementor-widget__width-inherit elementor-widget elementor-widget-ld_overlay_link lqd-overlay\" data-id=\"59fe2e71\" data-element_type=\"widget\" data-e-type=\"widget\" data-widget_type=\"ld_overlay_link.default\">\n\t\t\t\t<div class=\"elementor-widget-container\">\n\t\t\t\t\t\n\t\t\t<a href=\"https:\/\/euromosmobility.com\/en\/projects\/european-union-support-for-sustainable-urban-mobility-in-cities-project\/\"class=\"d-block lqd-overlay z-index-3\">\n\t\t\t\t\t\t\t\t\t<span class=\"lqd-extra-cursor pos-fix d-inline-flex align-items-center justify-content-center p-2 pointer-events-none\">\n\t\t\t\t\t\t\t\t\t\t\t<\/span>\n\t\t\t\t\t\t\t<\/a>\n\n\t\t\t\t\t\t<\/div>\n\t\t\t\t<\/div>\n\t\t\t\t<\/div>\n\t\t\t\t<\/div>\n\t\t<div data-custom-animations=\"true\" data-ca-options=\"{&quot;addChildTimelines&quot;:false,&quot;trigger&quot;:&quot;firstChild&quot;,&quot;animationTarget&quot;:&quot;:scope  &gt; .e-con&quot;,&quot;duration&quot;:1000,&quot;delay&quot;:100,&quot;ease&quot;:&quot;expo.out&quot;,&quot;initValues&quot;:{&quot;y&quot;:&quot;30px&quot;,&quot;scaleX&quot;:0.90000000000000002220446049250313080847263336181640625,&quot;scaleY&quot;:0.90000000000000002220446049250313080847263336181640625,&quot;opacity&quot;:0,&quot;transformOrigin&quot;:&quot;50% 50% 0px&quot;},&quot;animations&quot;:{&quot;y&quot;:&quot;0px&quot;,&quot;scaleX&quot;:1,&quot;scaleY&quot;:1,&quot;opacity&quot;:1,&quot;transformOrigin&quot;:&quot;50% 50% 0px&quot;}}\" class=\"elementor-element elementor-element-85554e7 e-con-full e-flex e-con e-child\" data-id=\"85554e7\" data-element_type=\"container\" data-e-type=\"container\">\n\t\t<div class=\"elementor-element elementor-element-df6f1db e-con-full e-flex e-con e-child\" data-id=\"df6f1db\" data-element_type=\"container\" data-e-type=\"container\" data-settings=\"{&quot;background_background&quot;:&quot;classic&quot;}\">\n\t\t<div class=\"elementor-element elementor-element-56cda7c e-flex e-con-boxed e-con e-child\" data-id=\"56cda7c\" data-element_type=\"container\" data-e-type=\"container\" data-settings=\"{&quot;background_background&quot;:&quot;classic&quot;}\">\n\t\t\t\t\t<div class=\"e-con-inner\">\n\t\t\t\t\t<\/div>\n\t\t\t\t<\/div>\n\t\t\t\t<div class=\"elementor-element elementor-element-ecf56cb elementor-widget elementor-widget-hub_fancy_heading\" data-id=\"ecf56cb\" data-element_type=\"widget\" data-e-type=\"widget\" data-widget_type=\"hub_fancy_heading.default\">\n\t\t\t\t<div class=\"elementor-widget-container\">\n\t\t\t\t\t\n\t\t<div id=\"ld-fancy-heading-69d29cd75cdfe\" class=\"ld-fancy-heading pos-rel\">\n\t\t\t<h5 class=\"ld-fh-element d-inline-block pos-rel  elementor-heading-title lqd-highlight-classic lqd-highlight-grow-left h5\"  > Denizli Sustainable Urban Transportation Plan<\/h5>\t\t<\/div>\n\n\t\t\t\t\t\t<\/div>\n\t\t\t\t<\/div>\n\t\t\t\t<div class=\"elementor-element elementor-element-82564be elementor-widget__width-inherit elementor-widget elementor-widget-ld_overlay_link lqd-overlay\" data-id=\"82564be\" data-element_type=\"widget\" data-e-type=\"widget\" data-widget_type=\"ld_overlay_link.default\">\n\t\t\t\t<div class=\"elementor-widget-container\">\n\t\t\t\t\t\n\t\t\t<a href=\"https:\/\/euromosmobility.com\/en\/projects\/denizli-surdurulebilir-kentsel-ulasim-plani\/\" target=\"_blank\"class=\"d-block lqd-overlay z-index-3\">\n\t\t\t\t\t\t\t\t\t<span class=\"lqd-extra-cursor pos-fix d-inline-flex align-items-center justify-content-center p-2 pointer-events-none\">\n\t\t\t\t\t\t\t\t\t\t\t<\/span>\n\t\t\t\t\t\t\t<\/a>\n\n\t\t\t\t\t\t<\/div>\n\t\t\t\t<\/div>\n\t\t\t\t<\/div>\n\t\t<div class=\"elementor-element elementor-element-928654a e-con-full e-flex e-con e-child\" data-id=\"928654a\" data-element_type=\"container\" data-e-type=\"container\" data-settings=\"{&quot;background_background&quot;:&quot;classic&quot;}\">\n\t\t<div class=\"elementor-element elementor-element-f1ed71e e-flex e-con-boxed e-con e-child\" data-id=\"f1ed71e\" data-element_type=\"container\" data-e-type=\"container\" data-settings=\"{&quot;background_background&quot;:&quot;classic&quot;}\">\n\t\t\t\t\t<div class=\"e-con-inner\">\n\t\t\t\t\t<\/div>\n\t\t\t\t<\/div>\n\t\t\t\t<div class=\"elementor-element elementor-element-d4ad176 elementor-widget elementor-widget-hub_fancy_heading\" data-id=\"d4ad176\" data-element_type=\"widget\" data-e-type=\"widget\" data-widget_type=\"hub_fancy_heading.default\">\n\t\t\t\t<div class=\"elementor-widget-container\">\n\t\t\t\t\t\n\t\t<div id=\"ld-fancy-heading-69d29cd75dcb0\" class=\"ld-fancy-heading pos-rel\">\n\t\t\t<h5 class=\"ld-fh-element d-inline-block pos-rel  elementor-heading-title lqd-highlight-classic lqd-highlight-grow-left h5\"  > Denizli Transportation Master Plan Update<\/h5>\t\t<\/div>\n\n\t\t\t\t\t\t<\/div>\n\t\t\t\t<\/div>\n\t\t\t\t<div class=\"elementor-element elementor-element-14818c6 elementor-widget__width-inherit elementor-widget elementor-widget-ld_overlay_link lqd-overlay\" data-id=\"14818c6\" data-element_type=\"widget\" data-e-type=\"widget\" data-widget_type=\"ld_overlay_link.default\">\n\t\t\t\t<div class=\"elementor-widget-container\">\n\t\t\t\t\t\n\t\t\t<a href=\"https:\/\/euromosmobility.com\/en\/projects\/denizli-ulastirma-ana-plani-guncellemesi\/\" target=\"_blank\"class=\"d-block lqd-overlay z-index-3\">\n\t\t\t\t\t\t\t\t\t<span class=\"lqd-extra-cursor pos-fix d-inline-flex align-items-center justify-content-center p-2 pointer-events-none\">\n\t\t\t\t\t\t\t\t\t\t\t<\/span>\n\t\t\t\t\t\t\t<\/a>\n\n\t\t\t\t\t\t<\/div>\n\t\t\t\t<\/div>\n\t\t\t\t<\/div>\n\t\t\t\t<\/div>\n\t\t<div data-custom-animations=\"true\" data-ca-options=\"{&quot;addChildTimelines&quot;:false,&quot;trigger&quot;:&quot;firstChild&quot;,&quot;animationTarget&quot;:&quot;:scope  &gt; .e-con&quot;,&quot;duration&quot;:1000,&quot;delay&quot;:100,&quot;ease&quot;:&quot;expo.out&quot;,&quot;initValues&quot;:{&quot;y&quot;:&quot;30px&quot;,&quot;scaleX&quot;:0.90000000000000002220446049250313080847263336181640625,&quot;scaleY&quot;:0.90000000000000002220446049250313080847263336181640625,&quot;opacity&quot;:0,&quot;transformOrigin&quot;:&quot;50% 50% 0px&quot;},&quot;animations&quot;:{&quot;y&quot;:&quot;0px&quot;,&quot;scaleX&quot;:1,&quot;scaleY&quot;:1,&quot;opacity&quot;:1,&quot;transformOrigin&quot;:&quot;50% 50% 0px&quot;}}\" class=\"elementor-element elementor-element-f984f52 e-con-full e-flex e-con e-child\" data-id=\"f984f52\" data-element_type=\"container\" data-e-type=\"container\">\n\t\t<div class=\"elementor-element elementor-element-5c01f32 e-con-full e-flex e-con e-child\" data-id=\"5c01f32\" data-element_type=\"container\" data-e-type=\"container\" data-settings=\"{&quot;background_background&quot;:&quot;classic&quot;}\">\n\t\t<div class=\"elementor-element elementor-element-a705262 e-flex e-con-boxed e-con e-child\" data-id=\"a705262\" data-element_type=\"container\" data-e-type=\"container\" data-settings=\"{&quot;background_background&quot;:&quot;classic&quot;}\">\n\t\t\t\t\t<div class=\"e-con-inner\">\n\t\t\t\t\t<\/div>\n\t\t\t\t<\/div>\n\t\t\t\t<div class=\"elementor-element elementor-element-5853aa0 elementor-widget elementor-widget-hub_fancy_heading\" data-id=\"5853aa0\" data-element_type=\"widget\" data-e-type=\"widget\" data-widget_type=\"hub_fancy_heading.default\">\n\t\t\t\t<div class=\"elementor-widget-container\">\n\t\t\t\t\t\n\t\t<div id=\"ld-fancy-heading-69d29cd75eb63\" class=\"ld-fancy-heading pos-rel\">\n\t\t\t<h5 class=\"ld-fh-element d-inline-block pos-rel  elementor-heading-title lqd-highlight-classic lqd-highlight-grow-left h5\"  > SUMP Zaanstad (the Netherlands)<\/h5>\t\t<\/div>\n\n\t\t\t\t\t\t<\/div>\n\t\t\t\t<\/div>\n\t\t\t\t<div class=\"elementor-element elementor-element-ddfb2b0 elementor-widget__width-inherit elementor-widget elementor-widget-ld_overlay_link lqd-overlay\" data-id=\"ddfb2b0\" data-element_type=\"widget\" data-e-type=\"widget\" data-widget_type=\"ld_overlay_link.default\">\n\t\t\t\t<div class=\"elementor-widget-container\">\n\t\t\t\t\t\n\t\t\t<a href=\"https:\/\/www.goudappel.nl\/en\/projects\/sump-zaanstad-netherlands\" target=\"_blank\" class=\"d-block lqd-overlay z-index-3\" rel=\"noopener\">\n\t\t\t\t\t\t\t\t\t<span class=\"lqd-extra-cursor pos-fix d-inline-flex align-items-center justify-content-center p-2 pointer-events-none\">\n\t\t\t\t\t\t\t\t\t\t\t<\/span>\n\t\t\t\t\t\t\t<\/a>\n\n\t\t\t\t\t\t<\/div>\n\t\t\t\t<\/div>\n\t\t\t\t<\/div>\n\t\t<div class=\"elementor-element elementor-element-2cd6c60 e-con-full e-flex e-con e-child\" data-id=\"2cd6c60\" data-element_type=\"container\" data-e-type=\"container\" data-settings=\"{&quot;background_background&quot;:&quot;classic&quot;}\">\n\t\t<div class=\"elementor-element elementor-element-94a3188 e-flex e-con-boxed e-con e-child\" data-id=\"94a3188\" data-element_type=\"container\" data-e-type=\"container\" data-settings=\"{&quot;background_background&quot;:&quot;classic&quot;}\">\n\t\t\t\t\t<div class=\"e-con-inner\">\n\t\t\t\t\t<\/div>\n\t\t\t\t<\/div>\n\t\t\t\t<div class=\"elementor-element elementor-element-6177bbc elementor-widget elementor-widget-hub_fancy_heading\" data-id=\"6177bbc\" data-element_type=\"widget\" data-e-type=\"widget\" data-widget_type=\"hub_fancy_heading.default\">\n\t\t\t\t<div class=\"elementor-widget-container\">\n\t\t\t\t\t\n\t\t<div id=\"ld-fancy-heading-69d29cd75fa06\" class=\"ld-fancy-heading pos-rel\">\n\t\t\t<h5 class=\"ld-fh-element d-inline-block pos-rel  elementor-heading-title lqd-highlight-classic lqd-highlight-grow-left h5\"  > SUMP Utrecht Metropolitan Region<\/h5>\t\t<\/div>\n\n\t\t\t\t\t\t<\/div>\n\t\t\t\t<\/div>\n\t\t\t\t<div class=\"elementor-element elementor-element-c92d804 elementor-widget__width-inherit elementor-widget elementor-widget-ld_overlay_link lqd-overlay\" data-id=\"c92d804\" data-element_type=\"widget\" data-e-type=\"widget\" data-widget_type=\"ld_overlay_link.default\">\n\t\t\t\t<div class=\"elementor-widget-container\">\n\t\t\t\t\t\n\t\t\t<a href=\"https:\/\/www.goudappel.nl\/en\/projects\/sump-utrecht-metropolitan-region\" target=\"_blank\" class=\"d-block lqd-overlay z-index-3\" rel=\"noopener\">\n\t\t\t\t\t\t\t\t\t<span class=\"lqd-extra-cursor pos-fix d-inline-flex align-items-center justify-content-center p-2 pointer-events-none\">\n\t\t\t\t\t\t\t\t\t\t\t<\/span>\n\t\t\t\t\t\t\t<\/a>\n\n\t\t\t\t\t\t<\/div>\n\t\t\t\t<\/div>\n\t\t\t\t<\/div>\n\t\t\t\t<\/div>\n\t\t\t\t\t<\/div>\n\t\t\t\t<\/div>\n\t\t<div class=\"elementor-element elementor-element-221cd743 e-flex e-con-boxed e-con e-parent\" data-id=\"221cd743\" data-element_type=\"container\" data-e-type=\"container\">\n\t\t\t\t\t<div class=\"e-con-inner\">\n\t\t\t\t<div data-custom-animations=\"true\" data-ca-options=\"{&quot;addChildTimelines&quot;:false,&quot;trigger&quot;:&quot;firstChild&quot;,&quot;animationTarget&quot;:&quot;:scope &gt; .elementor-widget-container&quot;,&quot;duration&quot;:1000,&quot;delay&quot;:100,&quot;ease&quot;:[&quot;power4.out&quot;],&quot;initValues&quot;:{&quot;y&quot;:&quot;30px&quot;,&quot;opacity&quot;:0,&quot;transformOrigin&quot;:&quot;50% 50% 0px&quot;},&quot;animations&quot;:{&quot;y&quot;:&quot;0px&quot;,&quot;opacity&quot;:1,&quot;transformOrigin&quot;:&quot;50% 50% 0px&quot;}}\" class=\"elementor-element elementor-element-7543af9c elementor-widget elementor-widget-ld_throwable pointer-events-none\" data-id=\"7543af9c\" data-element_type=\"widget\" data-e-type=\"widget\" data-widget_type=\"ld_throwable.default\">\n\t\t\t\t<div class=\"elementor-widget-container\">\n\t\t\t\t\t\t\t\t<div class=\"lqd-throwable-scene pos-rel pointer-events-none overflow-hidden\" data-lqd-throwable-scene=\"true\" data-throwable-options=\"{&quot;roundness&quot;:&quot;7em&quot;,&quot;scrollGravity&quot;:true}\">\n\t\t\t\t<p class=\"lqd-throwable-element d-inline-block pos-abs pos-tl ws-nowrap m-0 pointer-events-auto user-select-none elementor-repeater-item-9b45365\" data-lqd-throwable-el style=\"opacity: 0;\">\n\t\t\t\t\t\t<span class=\"lqd-throwable-element-rot d-inline-block\">sustainable<\/span>\n\t\t\t\t\t\t<\/p><p class=\"lqd-throwable-element d-inline-block pos-abs pos-tl ws-nowrap m-0 pointer-events-auto user-select-none elementor-repeater-item-2ced104\" data-lqd-throwable-el style=\"opacity: 0;\">\n\t\t\t\t\t\t<span class=\"lqd-throwable-element-rot d-inline-block\">transportation-planning<\/span>\n\t\t\t\t\t\t<\/p><p class=\"lqd-throwable-element d-inline-block pos-abs pos-tl ws-nowrap m-0 pointer-events-auto user-select-none elementor-repeater-item-083c812\" data-lqd-throwable-el style=\"opacity: 0;\">\n\t\t\t\t\t\t<span class=\"lqd-throwable-element-rot d-inline-block\">smart-transportation<\/span>\n\t\t\t\t\t\t<\/p><p class=\"lqd-throwable-element d-inline-block pos-abs pos-tl ws-nowrap m-0 pointer-events-auto user-select-none elementor-repeater-item-66d71f2\" data-lqd-throwable-el style=\"opacity: 0;\">\n\t\t\t\t\t\t<span class=\"lqd-throwable-element-rot d-inline-block\">mobility-centers<\/span>\n\t\t\t\t\t\t<\/p><p class=\"lqd-throwable-element d-inline-block pos-abs pos-tl ws-nowrap m-0 pointer-events-auto user-select-none elementor-repeater-item-9a609b8\" data-lqd-throwable-el style=\"opacity: 0;\">\n\t\t\t\t\t\t<span class=\"lqd-throwable-element-rot d-inline-block\">multi-modal-transportation<\/span>\n\t\t\t\t\t\t<\/p><p class=\"lqd-throwable-element d-inline-block pos-abs pos-tl ws-nowrap m-0 pointer-events-auto user-select-none elementor-repeater-item-3bb5af8\" data-lqd-throwable-el style=\"opacity: 0;\">\n\t\t\t\t\t\t<span class=\"lqd-throwable-element-rot d-inline-block\">road-safety<\/span>\n\t\t\t\t\t\t<\/p><p class=\"lqd-throwable-element d-inline-block pos-abs pos-tl ws-nowrap m-0 pointer-events-auto user-select-none elementor-repeater-item-e392dc8\" data-lqd-throwable-el style=\"opacity: 0;\">\n\t\t\t\t\t\t<span class=\"lqd-throwable-element-rot d-inline-block\">capacity-building<\/span>\n\t\t\t\t\t\t<\/p><p class=\"lqd-throwable-element d-inline-block pos-abs pos-tl ws-nowrap m-0 pointer-events-auto user-select-none elementor-repeater-item-58e81b8\" data-lqd-throwable-el style=\"opacity: 0;\">\n\t\t\t\t\t\t<span class=\"lqd-throwable-element-rot d-inline-block\">infrastructure-analysis<\/span>\n\t\t\t\t\t\t<\/p>\t\t\t<\/div>\n\t\t\t\t\t\t<\/div>\n\t\t\t\t<\/div>\n\t\t\t\t\t<\/div>\n\t\t\t\t<\/div>\n\t\t\t\t<\/div>","protected":false},"excerpt":{"rendered":"<p>D\u00fczce S\u00fcrd\u00fcr\u00fclebilir Kentsel Plan\u0131 Denizli\u2019de Toplu Ta\u015f\u0131ma Ak\u0131llan\u0131yor \u015eehirlerde S\u00fcrd\u00fcr\u00fclebilixr Kentsel Hareketlilik i\u00e7in Avrupa Birli\u011fi Deste\u011fi Projesi &#8211; T\u00fcrkiye SKUP Denizli S\u00fcrd\u00fcr\u00fclebilir Kentsel Ula\u015f\u0131m Plan\u0131 Denizli Ula\u015ft\u0131rma Ana Plan\u0131 G\u00fcncellemesi SUMP Zaanstad (the Netherlands) SUMP Utrecht Metropolitan Region s\u00fcrd\u00fcr\u00fclebilir ula\u015f\u0131m-planlama ak\u0131ll\u0131-ula\u015f\u0131m hareketlilik-merkezleri \u00e7ok-modlu-ula\u015f\u0131m yol-g\u00fcvenli\u011fi kapasite-geli\u015ftirme altyap\u0131-analizi<\/p>","protected":false},"author":1,"featured_media":0,"parent":0,"menu_order":0,"comment_status":"closed","ping_status":"closed","template":"","meta":{"footnotes":""},"class_list":["post-10513","page","type-page","status-publish","hentry"],"_links":{"self":[{"href":"https:\/\/euromosmobility.com\/en\/wp-json\/wp\/v2\/pages\/10513","targetHints":{"allow":["GET"]}}],"collection":[{"href":"https:\/\/euromosmobility.com\/en\/wp-json\/wp\/v2\/pages"}],"about":[{"href":"https:\/\/euromosmobility.com\/en\/wp-json\/wp\/v2\/types\/page"}],"author":[{"embeddable":true,"href":"https:\/\/euromosmobility.com\/en\/wp-json\/wp\/v2\/users\/1"}],"replies":[{"embeddable":true,"href":"https:\/\/euromosmobility.com\/en\/wp-json\/wp\/v2\/comments?post=10513"}],"version-history":[{"count":50,"href":"https:\/\/euromosmobility.com\/en\/wp-json\/wp\/v2\/pages\/10513\/revisions"}],"predecessor-version":[{"id":10939,"href":"https:\/\/euromosmobility.com\/en\/wp-json\/wp\/v2\/pages\/10513\/revisions\/10939"}],"wp:attachment":[{"href":"https:\/\/euromosmobility.com\/en\/wp-json\/wp\/v2\/media?parent=10513"}],"curies":[{"name":"wp","href":"https:\/\/api.w.org\/{rel}","templated":true}]}}