{"id":10434,"date":"2025-08-25T22:08:38","date_gmt":"2025-08-25T19:08:38","guid":{"rendered":"https:\/\/euromosmobility.com\/?page_id=10434"},"modified":"2025-09-03T14:32:41","modified_gmt":"2025-09-03T11:32:41","slug":"cok-modlu-ve-entegre-ulasim-sistemlerinin-planlanmasi","status":"publish","type":"page","link":"https:\/\/euromosmobility.com\/en\/cok-modlu-ve-entegre-ulasim-sistemlerinin-planlanmasi\/","title":{"rendered":"Planning Multimodal and Integrated Transportation Systems"},"content":{"rendered":"<div data-elementor-type=\"wp-page\" data-elementor-id=\"10434\" class=\"elementor elementor-10434\" data-elementor-post-type=\"page\">\n\t\t\t\t\t\t<section class=\"elementor-section elementor-top-section elementor-element elementor-element-28f7cecd elementor-reverse-tablet elementor-reverse-mobile elementor-section-boxed elementor-section-height-default elementor-section-height-default\" data-id=\"28f7cecd\" data-element_type=\"section\" data-e-type=\"section\">\n\t\t\t\t\t\t<div class=\"elementor-container elementor-column-gap-default\">\n\t\t\t\t\t<div class=\"elementor-column elementor-col-50 elementor-top-column elementor-element elementor-element-5703cd1e\" data-id=\"5703cd1e\" data-element_type=\"column\" data-e-type=\"column\">\n\t\t\t<div class=\"elementor-widget-wrap elementor-element-populated\">\n\t\t\t\t\t\t<div class=\"elementor-element elementor-element-f00f020 elementor-widget elementor-widget-ld_content_box\" data-id=\"f00f020\" data-element_type=\"widget\" data-e-type=\"widget\" data-widget_type=\"ld_content_box.default\">\n\t\t\t\t<div class=\"elementor-widget-container\">\n\t\t\t\t\t\n\t\t<div class=\"lqd-fb pos-rel lqd-fb-style-6 border-radius-4 h-pt-60\" data-lqd-zindex=\"true\">\n\t\t\n\t\t\t<div class=\"lqd-fb-shadow\"><\/div>\n\n\t\t\t<div class=\"flex-wrap d-flex align-items-center lqd-overlay\" data-hover3d=\"true\">\n\n\t\t\t\t<div class=\"lqd-fb-content-wrap lqd-overlay flex-column align-items-end transform-style-3d backface-hidden will-change-transform\" data-stacking-factor=\"0.5\">\n\n\t\t\t\t\t<div class=\"overflow-hidden lqd-fb-img lqd-overlay border-radius-4 backface-hidden\">\n\t\t\t\t\t\t<figure class=\"w-100 h-100\">\n\t\t\t\t\t\t\t<img decoding=\"async\" class=\"w-100 h-100 objfit-cover objfit-center\" src=\"https:\/\/euromosmobility.com\/wp-content\/uploads\/5-Cok-Modlu-ve-Entegre-Ulasim-Sistemlerinin-Planlanmasi.webp\">\t\t\t\t\t\t<\/figure>\n\t\t\t\t\t\t<div class=\"lqd-fb-bg lqd-overlay\"><\/div>\n\t\t\t\t\t\t<div class=\"lqd-fb-hover-overlay lqd-overlay\"><\/div>\n\t\t\t\t\t<\/div>\n\n\t\t\t\t\t<div class=\"p-4 lqd-fb-content d-flex flex-column justify-content-end lqd-overlay backface-hidden\">\n\n\t\t\t\t\t\t<span class=\"mb-5 lqd-fb-icon d-flex\">\n\t\t\t\t\t\t\t<i aria-hidden=\"true\" class=\"lqd-icn-ess icon-lqd-laptop\"><\/i>\t\t\t\t\t\t<\/span>\n\n\t\t\t\t\t\t\t\t\t\t\t\t<h6 class=\"mt-0 mb-3 font-weight-bold\">Our Specialties<\/h6>\n\t\t\t\t\t\t<h2 class=\"lqd-fb__title mt-0 mb-3 font-weight-bold\">Planning Multimodal and Integrated Transportation Systems<\/h2>\n\t\t\t\t\t<\/div>\n\n\t\t\t\t<\/div>\n\n\t\t\t\t\n\t\t\t<\/div>\n\n\t\t\t\t\t<\/div>\n\t\t\t\t\t\t<\/div>\n\t\t\t\t<\/div>\n\t\t\t\t<div class=\"elementor-element elementor-element-7ce6d094 elementor-widget elementor-widget-hub_fancy_heading\" data-id=\"7ce6d094\" data-element_type=\"widget\" data-e-type=\"widget\" data-widget_type=\"hub_fancy_heading.default\">\n\t\t\t\t<div class=\"elementor-widget-container\">\n\t\t\t\t\t\n\t\t<div id=\"ld-fancy-heading-69d29b462b282\" class=\"ld-fancy-heading pos-rel\">\n\t\t\t<p class=\"ld-fh-element d-inline-block pos-rel  lqd-highlight-classic lqd-highlight-grow-left p\"  > EuroMos Mobility Solutions, s\u00fcrd\u00fcr\u00fclebilir kent i\u00e7i ula\u015f\u0131m hedefleri do\u011frultusunda \u00e7ok modlu ve entegre ula\u015f\u0131m sistemlerinin planlanmas\u0131, tasar\u0131m\u0131 ve optimizasyonu alanlar\u0131nda kapsaml\u0131 \u00e7\u00f6z\u00fcmler sunmaktad\u0131r. G\u00fcn\u00fcm\u00fcz \u015fehirlerinde artan ve \u00e7e\u015fitlenen ula\u015f\u0131m taleplerini kar\u015f\u0131lamak amac\u0131yla geli\u015ftirdi\u011fimiz bu sistemler, farkl\u0131 ula\u015f\u0131m t\u00fcrleri aras\u0131nda kesintisiz ge\u00e7i\u015f sa\u011flayan, eri\u015filebilir ve kullan\u0131c\u0131 odakl\u0131 a\u011flar olarak tasarlanmaktad\u0131r.<\/p>\t\t<\/div>\n\n\t\t\t\t\t\t<\/div>\n\t\t\t\t<\/div>\n\t\t\t\t<div class=\"elementor-element elementor-element-5187492 elementor-widget elementor-widget-hub_fancy_heading\" data-id=\"5187492\" data-element_type=\"widget\" data-e-type=\"widget\" data-widget_type=\"hub_fancy_heading.default\">\n\t\t\t\t<div class=\"elementor-widget-container\">\n\t\t\t\t\t\n\t\t<div id=\"ld-fancy-heading-69d29b462bae3\" class=\"ld-fancy-heading pos-rel\">\n\t\t\t<p class=\"ld-fh-element d-inline-block pos-rel  lqd-highlight-classic lqd-highlight-grow-left p\"  > \u00c7ok modlu ula\u015f\u0131m \u00e7\u00f6z\u00fcmlerimiz; tek bilet sistemleri, park et\u2013devam et alanlar\u0131, payla\u015f\u0131ml\u0131 ara\u00e7 sistemleri ve mobil uygulama tabanl\u0131 rota planlama platformlar\u0131 (MaaS) \u00e7\u00f6z\u00fcmlerini b\u00fct\u00fcnc\u00fcl bir \u015fekilde bir araya getirir. Bu sayede ula\u015f\u0131m modlar\u0131 aras\u0131nda zaman, maliyet ve \u00e7evresel verimlilik sa\u011flan\u0131rken, kullan\u0131c\u0131lar\u0131n seyahat deneyimi iyile\u015ftirilir.<\/p>\t\t<\/div>\n\n\t\t\t\t\t\t<\/div>\n\t\t\t\t<\/div>\n\t\t\t\t<div class=\"elementor-element elementor-element-3a0f476b elementor-widget-divider--view-line elementor-widget elementor-widget-divider\" data-id=\"3a0f476b\" data-element_type=\"widget\" data-e-type=\"widget\" data-widget_type=\"divider.default\">\n\t\t\t\t\t\t\t<div class=\"elementor-divider\">\n\t\t\t<span class=\"elementor-divider-separator\">\n\t\t\t\t\t\t<\/span>\n\t\t<\/div>\n\t\t\t\t\t\t<\/div>\n\t\t\t\t\t<\/div>\n\t\t<\/div>\n\t\t\t\t<div class=\"lqd-css-sticky-column elementor-column elementor-col-50 elementor-top-column elementor-element elementor-element-7aa1bf0d\" style=\"--lqd-sticky-offset:10px\" data-id=\"7aa1bf0d\" data-element_type=\"column\" data-e-type=\"column\">\n\t\t\t<div class=\"elementor-widget-wrap elementor-element-populated\">\n\t\t\t\t\t\t<section class=\"elementor-section elementor-inner-section elementor-element elementor-element-59317322 elementor-section-boxed elementor-section-height-default elementor-section-height-default\" data-id=\"59317322\" data-element_type=\"section\" data-e-type=\"section\">\n\t\t\t\t\t\t<div class=\"elementor-container elementor-column-gap-default\">\n\t\t\t\t\t<div class=\"elementor-column elementor-col-100 elementor-inner-column elementor-element elementor-element-627fe272\" data-id=\"627fe272\" data-element_type=\"column\" data-e-type=\"column\" data-settings=\"{&quot;background_background&quot;:&quot;classic&quot;}\">\n\t\t\t<div class=\"elementor-widget-wrap elementor-element-populated\">\n\t\t\t\t\t\t<div class=\"elementor-element elementor-element-50d78ca2 elementor-widget elementor-widget-hub_fancy_heading\" data-id=\"50d78ca2\" data-element_type=\"widget\" data-e-type=\"widget\" data-widget_type=\"hub_fancy_heading.default\">\n\t\t\t\t<div class=\"elementor-widget-container\">\n\t\t\t\t\t\n\t\t<div id=\"ld-fancy-heading-69d29b462c38c\" class=\"ld-fancy-heading pos-rel\">\n\t\t\t<h3 class=\"ld-fh-element d-inline-block pos-rel  elementor-heading-title lqd-highlight-classic lqd-highlight-grow-left h3\"  > Contact us<\/h3>\t\t<\/div>\n\n\t\t\t\t\t\t<\/div>\n\t\t\t\t<\/div>\n\t\t\t\t\t<\/div>\n\t\t<\/div>\n\t\t\t\t\t<\/div>\n\t\t<\/section>\n\t\t\t\t<div class=\"elementor-element elementor-element-2c66ea81 elementor-button-align-stretch elementor-widget elementor-widget-form\" data-id=\"2c66ea81\" data-element_type=\"widget\" data-e-type=\"widget\" data-settings=\"{&quot;step_next_label&quot;:&quot;Next&quot;,&quot;step_previous_label&quot;:&quot;Previous&quot;,&quot;button_width&quot;:&quot;100&quot;,&quot;step_type&quot;:&quot;number_text&quot;,&quot;step_icon_shape&quot;:&quot;circle&quot;}\" data-widget_type=\"form.default\">\n\t\t\t\t\t\t\t<form class=\"elementor-form\" method=\"post\" name=\"New Form\" aria-label=\"New Form\" action=\"\">\n\t\t\t<input type=\"hidden\" name=\"post_id\" value=\"10434\"\/>\n\t\t\t<input type=\"hidden\" name=\"form_id\" value=\"2c66ea81\"\/>\n\t\t\t<input type=\"hidden\" name=\"referer_title\" value=\"\u00c7ok Modlu ve Entegre Ula\u015f\u0131m Sistemlerinin Planlanmas\u0131 - EuroMos\" \/>\n\n\t\t\t\t\t\t\t<input type=\"hidden\" name=\"queried_id\" value=\"10434\"\/>\n\t\t\t\n\t\t\t<div class=\"elementor-form-fields-wrapper elementor-labels-above\">\n\t\t\t\t\t\t\t\t<div class=\"elementor-field-type-text elementor-field-group elementor-column elementor-field-group-name elementor-col-100\">\n\t\t\t\t\t\t\t\t\t\t\t\t<label for=\"form-field-name\" class=\"elementor-field-label\">\n\t\t\t\t\t\t\t\tYour Name and Surname\t\t\t\t\t\t\t<\/label>\n\t\t\t\t\t\t\t\t\t\t\t\t\t\t<input size=\"1\" type=\"text\" name=\"form_fields[name]\" id=\"form-field-name\" class=\"elementor-field elementor-size-sm  elementor-field-textual\" placeholder=\"your name and surname\">\n\t\t\t\t\t\t\t\t\t\t\t<\/div>\n\t\t\t\t\t\t\t\t<div class=\"elementor-field-type-email elementor-field-group elementor-column elementor-field-group-email elementor-col-100 elementor-field-required\">\n\t\t\t\t\t\t\t\t\t\t\t\t<label for=\"form-field-email\" class=\"elementor-field-label\">\n\t\t\t\t\t\t\t\tEmail\t\t\t\t\t\t\t<\/label>\n\t\t\t\t\t\t\t\t\t\t\t\t\t\t<input size=\"1\" type=\"email\" name=\"form_fields[email]\" id=\"form-field-email\" class=\"elementor-field elementor-size-sm  elementor-field-textual\" placeholder=\"Email\" required=\"required\">\n\t\t\t\t\t\t\t\t\t\t\t<\/div>\n\t\t\t\t\t\t\t\t<div class=\"elementor-field-type-textarea elementor-field-group elementor-column elementor-field-group-message elementor-col-100\">\n\t\t\t\t\t\t\t\t\t\t\t\t<label for=\"form-field-message\" class=\"elementor-field-label\">\n\t\t\t\t\t\t\t\tYour message\t\t\t\t\t\t\t<\/label>\n\t\t\t\t\t\t<textarea class=\"elementor-field-textual elementor-field  elementor-size-sm\" name=\"form_fields[message]\" id=\"form-field-message\" rows=\"4\" placeholder=\"write your message briefly\"><\/textarea>\t\t\t\t<\/div>\n\t\t\t\t\t\t\t\t<div class=\"elementor-field-group elementor-column elementor-field-type-submit elementor-col-100 e-form__buttons\">\n\t\t\t\t\t<button class=\"elementor-button elementor-size-sm\" type=\"submit\">\n\t\t\t\t\t\t<span class=\"elementor-button-content-wrapper\">\n\t\t\t\t\t\t\t\t\t\t\t\t\t\t\t\t\t\t\t\t\t\t<span class=\"elementor-button-text\">Send<\/span>\n\t\t\t\t\t\t\t\t\t\t\t\t\t<\/span>\n\t\t\t\t\t<\/button>\n\t\t\t\t<\/div>\n\t\t\t<\/div>\n\t\t<input type=\"hidden\" name=\"trp-form-language\" value=\"en\"\/><\/form>\n\t\t\t\t\t\t<\/div>\n\t\t\t\t\t<\/div>\n\t\t<\/div>\n\t\t\t\t\t<\/div>\n\t\t<\/section>\n\t\t\t\t<\/div>","protected":false},"excerpt":{"rendered":"<p>Uzmanl\u0131klar\u0131m\u0131z \u00c7ok Modlu ve Entegre Ula\u015f\u0131m Sistemlerinin Planlanmas\u0131 EuroMos Mobility Solutions, s\u00fcrd\u00fcr\u00fclebilir kent i\u00e7i ula\u015f\u0131m hedefleri do\u011frultusunda \u00e7ok modlu ve entegre ula\u015f\u0131m sistemlerinin planlanmas\u0131, tasar\u0131m\u0131 ve optimizasyonu alanlar\u0131nda kapsaml\u0131 \u00e7\u00f6z\u00fcmler sunmaktad\u0131r. G\u00fcn\u00fcm\u00fcz \u015fehirlerinde artan ve \u00e7e\u015fitlenen ula\u015f\u0131m taleplerini kar\u015f\u0131lamak amac\u0131yla geli\u015ftirdi\u011fimiz bu sistemler, farkl\u0131 ula\u015f\u0131m t\u00fcrleri aras\u0131nda kesintisiz ge\u00e7i\u015f sa\u011flayan, eri\u015filebilir ve kullan\u0131c\u0131 odakl\u0131 a\u011flar [&hellip;]<\/p>","protected":false},"author":1,"featured_media":10392,"parent":0,"menu_order":0,"comment_status":"closed","ping_status":"closed","template":"","meta":{"footnotes":""},"class_list":["post-10434","page","type-page","status-publish","has-post-thumbnail","hentry"],"_links":{"self":[{"href":"https:\/\/euromosmobility.com\/en\/wp-json\/wp\/v2\/pages\/10434","targetHints":{"allow":["GET"]}}],"collection":[{"href":"https:\/\/euromosmobility.com\/en\/wp-json\/wp\/v2\/pages"}],"about":[{"href":"https:\/\/euromosmobility.com\/en\/wp-json\/wp\/v2\/types\/page"}],"author":[{"embeddable":true,"href":"https:\/\/euromosmobility.com\/en\/wp-json\/wp\/v2\/users\/1"}],"replies":[{"embeddable":true,"href":"https:\/\/euromosmobility.com\/en\/wp-json\/wp\/v2\/comments?post=10434"}],"version-history":[{"count":7,"href":"https:\/\/euromosmobility.com\/en\/wp-json\/wp\/v2\/pages\/10434\/revisions"}],"predecessor-version":[{"id":10783,"href":"https:\/\/euromosmobility.com\/en\/wp-json\/wp\/v2\/pages\/10434\/revisions\/10783"}],"wp:featuredmedia":[{"embeddable":true,"href":"https:\/\/euromosmobility.com\/en\/wp-json\/wp\/v2\/media\/10392"}],"wp:attachment":[{"href":"https:\/\/euromosmobility.com\/en\/wp-json\/wp\/v2\/media?parent=10434"}],"curies":[{"name":"wp","href":"https:\/\/api.w.org\/{rel}","templated":true}]}}